{"id":1768,"date":"2024-01-29T21:12:38","date_gmt":"2024-01-29T20:12:38","guid":{"rendered":"https:\/\/skycosmeticsgroup.com\/delivery\/"},"modified":"2026-04-13T16:24:53","modified_gmt":"2026-04-13T14:24:53","slug":"delivery","status":"publish","type":"page","link":"https:\/\/skycosmeticsgroup.com\/en\/delivery\/","title":{"rendered":"Delivery"},"content":{"rendered":"\t\t<div data-elementor-type=\"wp-page\" data-elementor-id=\"1768\" class=\"elementor elementor-1768 elementor-1426\" data-elementor-post-type=\"page\">\n\t\t\t\t<div class=\"elementor-element elementor-element-badd74a e-flex e-con-boxed e-con e-parent\" data-id=\"badd74a\" data-element_type=\"container\" data-settings=\"{&quot;content_width&quot;:&quot;boxed&quot;}\" data-core-v316-plus=\"true\">\n\t\t\t\t\t<div class=\"e-con-inner\">\n\t\t\t\t<div class=\"elementor-element elementor-element-6dc955c elementor-widget elementor-widget-heading\" data-id=\"6dc955c\" data-element_type=\"widget\" data-widget_type=\"heading.default\">\n\t\t\t\t<div class=\"elementor-widget-container\">\n\t\t\t<style>\/*! elementor - v3.19.0 - 07-02-2024 *\/\n.elementor-heading-title{padding:0;margin:0;line-height:1}.elementor-widget-heading .elementor-heading-title[class*=elementor-size-]>a{color:inherit;font-size:inherit;line-height:inherit}.elementor-widget-heading .elementor-heading-title.elementor-size-small{font-size:15px}.elementor-widget-heading .elementor-heading-title.elementor-size-medium{font-size:19px}.elementor-widget-heading .elementor-heading-title.elementor-size-large{font-size:29px}.elementor-widget-heading .elementor-heading-title.elementor-size-xl{font-size:39px}.elementor-widget-heading .elementor-heading-title.elementor-size-xxl{font-size:59px}<\/style><h2 class=\"elementor-heading-title elementor-size-default\">Delivery<\/h2>\t\t<\/div>\n\t\t\t\t<\/div>\n\t\t\t\t<div class=\"elementor-element elementor-element-1b7ef33 elementor-widget elementor-widget-text-editor\" data-id=\"1b7ef33\" data-element_type=\"widget\" data-widget_type=\"text-editor.default\">\n\t\t\t\t<div class=\"elementor-widget-container\">\n\t\t\t<style>\/*! elementor - v3.19.0 - 07-02-2024 *\/\n.elementor-widget-text-editor.elementor-drop-cap-view-stacked .elementor-drop-cap{background-color:#69727d;color:#fff}.elementor-widget-text-editor.elementor-drop-cap-view-framed .elementor-drop-cap{color:#69727d;border:3px solid;background-color:transparent}.elementor-widget-text-editor:not(.elementor-drop-cap-view-default) .elementor-drop-cap{margin-top:8px}.elementor-widget-text-editor:not(.elementor-drop-cap-view-default) .elementor-drop-cap-letter{width:1em;height:1em}.elementor-widget-text-editor .elementor-drop-cap{float:left;text-align:center;line-height:1;font-size:50px}.elementor-widget-text-editor .elementor-drop-cap-letter{display:inline-block}<\/style>\t\t\t\t<p>We ship orders by GLS or DPD within two working days after receiving the order. The duration of delivery is 7-10 working days, but most often the order is delivered within 2 days.<\/p><p>Delivery cost:<br \/>1. In mainland Croatia and the islands (Krk, Cres, Lo\u0161inj, Rab, Murter, Kor\u010dula, Pelje\u0161ac, Vir, Pag, Hvar, Bra\u010d, Vis, Pa\u0161man, Ugljan) delivery by GLS is \u20ac4, and for all other islands it is \u20ac22.5.<\/p><p>EXPRESS delivery within 24-48 hours of receiving the order.<\/p><p>The price of delivery by DPD in mainland Croatia and all islands connected by a bridge is \u20ac5, and on all other islands it is \u20ac10. Delivery within 48-96 hours of receiving the order.<\/p><p>2. For all orders over \u20ac50, delivery is completely FREE within the Republic of Croatia.<\/p><p>3. The delivery price for all other countries will be automatically calculated when entering the address.<\/p><p>4. For all orders over \u20ac120, delivery is completely FREE for countries outside the Republic of Croatia.<\/p><p><strong>Slovenia<\/strong><br \/>DPD &#8211; \u20ac10<br \/>Free shipping over \u20ac120<\/p><p><strong>Slovakia, Germany, Hungary, Czech Republic, Austria<\/strong><br \/>DPD &#8211; \u20ac10<br \/>Free shipping over \u20ac120<\/p><p><strong>Luxembourg, Lithuania, Latvia, Italy, Ireland, France, Estonia, Denmark, Belgium, Netherlands, Poland, Portugal, Spain, Sweden<\/strong><br \/>DPD &#8211; \u20ac10<br \/>Free shipping over \u20ac120<\/p><p><strong>Bulgaria, Finland, Greece, Romania<\/strong><br \/>DPD &#8211; \u20ac43.50<br \/>Free shipping over \u20ac120<\/p><p><strong>Serbia, Bosnia and Herzegovina, Ukraine<\/strong><br \/>DPD &#8211; \u20ac17<br \/>Free shipping over \u20ac120<\/p><p><strong>Switzerland<\/strong><br \/>DPD &#8211; \u20ac56.40<br \/>Free shipping over 120\u20ac<\/p><p><strong>Norway<\/strong><br \/>DPD &#8211; 72.70\u20ac<br \/>Free shipping over 120\u20ac<\/p><p><strong>United Kingdom<\/strong><br \/>DPD &#8211; 10\u20ac<br \/>Free shipping over 120\u20ac<\/p>\t\t\t\t\t\t<\/div>\n\t\t\t\t<\/div>\n\t\t\t\t\t<\/div>\n\t\t\t\t<\/div>\n\t\t\t\t<\/div>\n\t\t","protected":false},"excerpt":{"rendered":"<p>Delivery We ship orders by GLS or DPD within two working days after receiving the order. The duration of delivery is 7-10 working days, but most often the order is delivered within 2 days. Delivery cost:1. In mainland Croatia and the islands (Krk, Cres, Lo\u0161inj, Rab, Murter, Kor\u010dula, Pelje\u0161ac, Vir, Pag, Hvar, Bra\u010d, Vis, Pa\u0161man, [&hellip;]<\/p>\n","protected":false},"author":1,"featured_media":0,"parent":0,"menu_order":0,"comment_status":"closed","ping_status":"closed","template":"","meta":{"footnotes":""},"class_list":["post-1768","page","type-page","status-publish","hentry"],"yoast_head":"<!-- This site is optimized with the Yoast SEO plugin v23.0 - https:\/\/yoast.com\/wordpress\/plugins\/seo\/ -->\n<title>Delivery - Sky Cosmetics Group<\/title>\n<meta name=\"robots\" content=\"noindex, follow\" \/>\n<meta property=\"og:locale\" content=\"en_US\" \/>\n<meta property=\"og:type\" content=\"article\" \/>\n<meta property=\"og:title\" content=\"Delivery - Sky Cosmetics Group\" \/>\n<meta property=\"og:description\" content=\"Delivery We ship orders by GLS or DPD within two working days after receiving the order. The duration of delivery is 7-10 working days, but most often the order is delivered within 2 days. Delivery cost:1. In mainland Croatia and the islands (Krk, Cres, Lo\u0161inj, Rab, Murter, Kor\u010dula, Pelje\u0161ac, Vir, Pag, Hvar, Bra\u010d, Vis, Pa\u0161man, [&hellip;]\" \/>\n<meta property=\"og:url\" content=\"https:\/\/skycosmeticsgroup.com\/en\/delivery\/\" \/>\n<meta property=\"og:site_name\" content=\"Sky Cosmetics Group\" \/>\n<meta property=\"article:modified_time\" content=\"2026-04-13T14:24:53+00:00\" \/>\n<meta property=\"og:image\" content=\"https:\/\/skycosmeticsgroup.com\/wp-content\/uploads\/2024\/01\/cropped-Sky-cosmetics-logotipi-u-boji-02-2.png\" \/>\n\t<meta property=\"og:image:width\" content=\"512\" \/>\n\t<meta property=\"og:image:height\" content=\"512\" \/>\n\t<meta property=\"og:image:type\" content=\"image\/png\" \/>\n<meta name=\"twitter:card\" content=\"summary_large_image\" \/>\n<meta name=\"twitter:label1\" content=\"Est. reading time\" \/>\n\t<meta name=\"twitter:data1\" content=\"2 minutes\" \/>\n<script type=\"application\/ld+json\" class=\"yoast-schema-graph\">{\"@context\":\"https:\/\/schema.org\",\"@graph\":[{\"@type\":\"WebPage\",\"@id\":\"https:\/\/skycosmeticsgroup.com\/en\/delivery\/\",\"url\":\"https:\/\/skycosmeticsgroup.com\/en\/delivery\/\",\"name\":\"Delivery - Sky Cosmetics Group\",\"isPartOf\":{\"@id\":\"https:\/\/skycosmeticsgroup.com\/en\/#website\"},\"datePublished\":\"2024-01-29T20:12:38+00:00\",\"dateModified\":\"2026-04-13T14:24:53+00:00\",\"breadcrumb\":{\"@id\":\"https:\/\/skycosmeticsgroup.com\/en\/delivery\/#breadcrumb\"},\"inLanguage\":\"en-US\",\"potentialAction\":[{\"@type\":\"ReadAction\",\"target\":[\"https:\/\/skycosmeticsgroup.com\/en\/delivery\/\"]}]},{\"@type\":\"BreadcrumbList\",\"@id\":\"https:\/\/skycosmeticsgroup.com\/en\/delivery\/#breadcrumb\",\"itemListElement\":[{\"@type\":\"ListItem\",\"position\":1,\"name\":\"Po\u010detna stranica\",\"item\":\"https:\/\/skycosmeticsgroup.com\/en\/\"},{\"@type\":\"ListItem\",\"position\":2,\"name\":\"Delivery\"}]},{\"@type\":\"WebSite\",\"@id\":\"https:\/\/skycosmeticsgroup.com\/en\/#website\",\"url\":\"https:\/\/skycosmeticsgroup.com\/en\/\",\"name\":\"Sky Cosmetics Group\",\"description\":\"\",\"publisher\":{\"@id\":\"https:\/\/skycosmeticsgroup.com\/en\/#organization\"},\"potentialAction\":[{\"@type\":\"SearchAction\",\"target\":{\"@type\":\"EntryPoint\",\"urlTemplate\":\"https:\/\/skycosmeticsgroup.com\/en\/?s={search_term_string}\"},\"query-input\":\"required name=search_term_string\"}],\"inLanguage\":\"en-US\"},{\"@type\":\"Organization\",\"@id\":\"https:\/\/skycosmeticsgroup.com\/en\/#organization\",\"name\":\"Sky Cosmetics Group\",\"url\":\"https:\/\/skycosmeticsgroup.com\/en\/\",\"logo\":{\"@type\":\"ImageObject\",\"inLanguage\":\"en-US\",\"@id\":\"https:\/\/skycosmeticsgroup.com\/en\/#\/schema\/logo\/image\/\",\"url\":\"https:\/\/skycosmeticsgroup.com\/wp-content\/uploads\/2024\/01\/cropped-Sky-cosmetics-logotipi-u-boji-02-2.png\",\"contentUrl\":\"https:\/\/skycosmeticsgroup.com\/wp-content\/uploads\/2024\/01\/cropped-Sky-cosmetics-logotipi-u-boji-02-2.png\",\"width\":512,\"height\":512,\"caption\":\"Sky Cosmetics Group\"},\"image\":{\"@id\":\"https:\/\/skycosmeticsgroup.com\/en\/#\/schema\/logo\/image\/\"}}]}<\/script>\n<!-- \/ Yoast SEO plugin. -->","yoast_head_json":{"title":"Delivery - Sky Cosmetics Group","robots":{"index":"noindex","follow":"follow"},"og_locale":"en_US","og_type":"article","og_title":"Delivery - Sky Cosmetics Group","og_description":"Delivery We ship orders by GLS or DPD within two working days after receiving the order. The duration of delivery is 7-10 working days, but most often the order is delivered within 2 days. Delivery cost:1. In mainland Croatia and the islands (Krk, Cres, Lo\u0161inj, Rab, Murter, Kor\u010dula, Pelje\u0161ac, Vir, Pag, Hvar, Bra\u010d, Vis, Pa\u0161man, [&hellip;]","og_url":"https:\/\/skycosmeticsgroup.com\/en\/delivery\/","og_site_name":"Sky Cosmetics Group","article_modified_time":"2026-04-13T14:24:53+00:00","og_image":[{"width":512,"height":512,"url":"https:\/\/skycosmeticsgroup.com\/wp-content\/uploads\/2024\/01\/cropped-Sky-cosmetics-logotipi-u-boji-02-2.png","type":"image\/png"}],"twitter_card":"summary_large_image","twitter_misc":{"Est. reading time":"2 minutes"},"schema":{"@context":"https:\/\/schema.org","@graph":[{"@type":"WebPage","@id":"https:\/\/skycosmeticsgroup.com\/en\/delivery\/","url":"https:\/\/skycosmeticsgroup.com\/en\/delivery\/","name":"Delivery - Sky Cosmetics Group","isPartOf":{"@id":"https:\/\/skycosmeticsgroup.com\/en\/#website"},"datePublished":"2024-01-29T20:12:38+00:00","dateModified":"2026-04-13T14:24:53+00:00","breadcrumb":{"@id":"https:\/\/skycosmeticsgroup.com\/en\/delivery\/#breadcrumb"},"inLanguage":"en-US","potentialAction":[{"@type":"ReadAction","target":["https:\/\/skycosmeticsgroup.com\/en\/delivery\/"]}]},{"@type":"BreadcrumbList","@id":"https:\/\/skycosmeticsgroup.com\/en\/delivery\/#breadcrumb","itemListElement":[{"@type":"ListItem","position":1,"name":"Po\u010detna stranica","item":"https:\/\/skycosmeticsgroup.com\/en\/"},{"@type":"ListItem","position":2,"name":"Delivery"}]},{"@type":"WebSite","@id":"https:\/\/skycosmeticsgroup.com\/en\/#website","url":"https:\/\/skycosmeticsgroup.com\/en\/","name":"Sky Cosmetics Group","description":"","publisher":{"@id":"https:\/\/skycosmeticsgroup.com\/en\/#organization"},"potentialAction":[{"@type":"SearchAction","target":{"@type":"EntryPoint","urlTemplate":"https:\/\/skycosmeticsgroup.com\/en\/?s={search_term_string}"},"query-input":"required name=search_term_string"}],"inLanguage":"en-US"},{"@type":"Organization","@id":"https:\/\/skycosmeticsgroup.com\/en\/#organization","name":"Sky Cosmetics Group","url":"https:\/\/skycosmeticsgroup.com\/en\/","logo":{"@type":"ImageObject","inLanguage":"en-US","@id":"https:\/\/skycosmeticsgroup.com\/en\/#\/schema\/logo\/image\/","url":"https:\/\/skycosmeticsgroup.com\/wp-content\/uploads\/2024\/01\/cropped-Sky-cosmetics-logotipi-u-boji-02-2.png","contentUrl":"https:\/\/skycosmeticsgroup.com\/wp-content\/uploads\/2024\/01\/cropped-Sky-cosmetics-logotipi-u-boji-02-2.png","width":512,"height":512,"caption":"Sky Cosmetics Group"},"image":{"@id":"https:\/\/skycosmeticsgroup.com\/en\/#\/schema\/logo\/image\/"}}]}},"_links":{"self":[{"href":"https:\/\/skycosmeticsgroup.com\/en\/wp-json\/wp\/v2\/pages\/1768","targetHints":{"allow":["GET"]}}],"collection":[{"href":"https:\/\/skycosmeticsgroup.com\/en\/wp-json\/wp\/v2\/pages"}],"about":[{"href":"https:\/\/skycosmeticsgroup.com\/en\/wp-json\/wp\/v2\/types\/page"}],"author":[{"embeddable":true,"href":"https:\/\/skycosmeticsgroup.com\/en\/wp-json\/wp\/v2\/users\/1"}],"replies":[{"embeddable":true,"href":"https:\/\/skycosmeticsgroup.com\/en\/wp-json\/wp\/v2\/comments?post=1768"}],"version-history":[{"count":3,"href":"https:\/\/skycosmeticsgroup.com\/en\/wp-json\/wp\/v2\/pages\/1768\/revisions"}],"predecessor-version":[{"id":2955,"href":"https:\/\/skycosmeticsgroup.com\/en\/wp-json\/wp\/v2\/pages\/1768\/revisions\/2955"}],"wp:attachment":[{"href":"https:\/\/skycosmeticsgroup.com\/en\/wp-json\/wp\/v2\/media?parent=1768"}],"curies":[{"name":"wp","href":"https:\/\/api.w.org\/{rel}","templated":true}]}}