{"id":1792,"date":"2024-01-17T13:16:29","date_gmt":"2024-01-17T12:16:29","guid":{"rendered":"https:\/\/skycosmeticsgroup.com\/proizvod\/gift-set-special-pearl\/"},"modified":"2024-09-18T17:19:38","modified_gmt":"2024-09-18T15:19:38","slug":"gift-set-special-pearl","status":"publish","type":"product","link":"https:\/\/skycosmeticsgroup.com\/en\/proizvod\/gift-set-special-pearl\/","title":{"rendered":"GIFT SET SPECIAL PEARL"},"content":{"rendered":"<p><strong>PEARL SCENTED CANDLE 80 g<\/strong> <strong>* HR\/BIH *<\/strong> &#8211; Fragrant pearl of the world God * Composition: perfume oil, cotton wick, paraffin wax Jar and metal lid * Product weight: 80g net and 180g gross * DO NOT LEAVE THE CANDLE UNATTENDED! <strong>* DE *<\/strong> Perla-Duftkerze 80g * Composition: Parf\u00fcm\u00f6l, Baumwolldocht, Paraffinwachs Flasche und Metalldeckel * Produktgewicht: 80g netto und 180g brutto * LASSEN SIE DIE KERZE NICHT UNBEAUFSICHTIGT! <strong>* EN *<\/strong> Pearl scented candle 80g * Ingredients: perfume oil, cotton wick, paraffin wax Glass jar and metal lid * Weight: 8og net \/ 180g gross * DO NOT LEAVE CANDLE UNATTENDED! <strong>* SLO *<\/strong> Perla scented candle 80g * Composition: perfume oil, cotton wick, paraffin wax, bottle and metal cover * Product weight: 80 g net and 180 g gross * DO NOT BURN CANDLES UNATTENDED! <strong>* SR *<\/strong> Perla scented candle 80g * Composition: perfume oil, cotton wick, paraffin wax <strong>PEARL BODY CREAM 200 ml<\/strong><\/p>\n<p><strong>* HR\/BIH *<\/strong> Perla body cream 200 ml * Fragrant and revitalizing cream for the care of the whole body * Use: Apply the cream to clean body skin and gently massage <strong>*DE*<\/strong> K\u00f6rpercreme Perle 200 ml * Eine duftige und wiederbelebende Creme f\u00fcr ganzheitliche K\u00f6rperpflege * Application: Die Creme auf saubere K\u00f6rperhaut auftragen und sanft einmassieren <strong>* EN *<\/strong> Pearl body cream 200 ml * Scented and revitalizing cream for complete body care * Application: Apply cream to clean body skin and massage gently <strong>* SLO *<\/strong> Perla body cream 200 ml * Breathing and restorative cream for the whole body * Use: Apply the cream to clean body skin and gently rub it in. <strong>* SR *<\/strong> Perla body cream 200 ml * Fragrant and revitalizing cream for the care of the whole body * Use: Apply the cream to clean body skin and gently massage.<\/p>\n","protected":false},"excerpt":{"rendered":"<p>a delicate floral powdery fragrance, a wonderful combination of patchouli, Bulgarian rose and orange blossom<\/p>\n<p>Gift set special Pearl consists of: PEARL SCENTED CANDLE 80 g PEARL BODY CREAM 200 ml * Get a free candle with the purchase of 3 or more products.<\/p>\n","protected":false},"featured_media":2070,"template":"","meta":[],"product_cat":[51,49,74],"product_tag":[],"class_list":{"0":"post-1792","1":"product","2":"type-product","3":"status-publish","4":"has-post-thumbnail","6":"product_cat-gift-set-en","7":"product_cat-gift-set-special-en","8":"product_cat-the-pearl-collection","10":"first","11":"instock","12":"shipping-taxable","13":"purchasable","14":"product-type-simple"},"yoast_head":"<!-- This site is optimized with the Yoast SEO plugin v23.0 - https:\/\/yoast.com\/wordpress\/plugins\/seo\/ -->\n<title>GIFT SET SPECIAL PEARL - Sky Cosmetics Group<\/title>\n<meta name=\"description\" content=\"Gift set special Pearl includes PEARL SCENTED CANDLE of 80 g and PEARL BODY CREAM 200 ml for a special experience of enjoying the sophisticated scent of orange blossom.\" \/>\n<meta name=\"robots\" content=\"index, follow, max-snippet:-1, max-image-preview:large, max-video-preview:-1\" \/>\n<link rel=\"canonical\" href=\"https:\/\/skycosmeticsgroup.com\/en\/proizvod\/gift-set-special-pearl\/\" \/>\n<meta property=\"og:locale\" content=\"en_US\" \/>\n<meta property=\"og:type\" content=\"article\" \/>\n<meta property=\"og:title\" content=\"GIFT SET SPECIAL PEARL - Sky Cosmetics Group\" \/>\n<meta property=\"og:description\" content=\"Gift set special Pearl includes PEARL SCENTED CANDLE of 80 g and PEARL BODY CREAM 200 ml for a special experience of enjoying the sophisticated scent of orange blossom.\" \/>\n<meta property=\"og:url\" content=\"https:\/\/skycosmeticsgroup.com\/en\/proizvod\/gift-set-special-pearl\/\" \/>\n<meta property=\"og:site_name\" content=\"Sky Cosmetics Group\" \/>\n<meta property=\"article:modified_time\" content=\"2024-09-18T15:19:38+00:00\" \/>\n<meta property=\"og:image\" content=\"https:\/\/skycosmeticsgroup.com\/wp-content\/uploads\/2024\/01\/GIFT-SET-SPECIAL-PEARL-2.jpg\" \/>\n\t<meta property=\"og:image:width\" content=\"1619\" \/>\n\t<meta property=\"og:image:height\" content=\"1080\" \/>\n\t<meta property=\"og:image:type\" content=\"image\/jpeg\" \/>\n<meta name=\"twitter:card\" content=\"summary_large_image\" \/>\n<meta name=\"twitter:label1\" content=\"Est. reading time\" \/>\n\t<meta name=\"twitter:data1\" content=\"2 minutes\" \/>\n<script type=\"application\/ld+json\" class=\"yoast-schema-graph\">{\"@context\":\"https:\/\/schema.org\",\"@graph\":[{\"@type\":\"WebPage\",\"@id\":\"https:\/\/skycosmeticsgroup.com\/en\/proizvod\/gift-set-special-pearl\/\",\"url\":\"https:\/\/skycosmeticsgroup.com\/en\/proizvod\/gift-set-special-pearl\/\",\"name\":\"GIFT SET SPECIAL PEARL - Sky Cosmetics Group\",\"isPartOf\":{\"@id\":\"https:\/\/skycosmeticsgroup.com\/en\/#website\"},\"primaryImageOfPage\":{\"@id\":\"https:\/\/skycosmeticsgroup.com\/en\/proizvod\/gift-set-special-pearl\/#primaryimage\"},\"image\":{\"@id\":\"https:\/\/skycosmeticsgroup.com\/en\/proizvod\/gift-set-special-pearl\/#primaryimage\"},\"thumbnailUrl\":\"https:\/\/skycosmeticsgroup.com\/wp-content\/uploads\/2024\/01\/GIFT-SET-SPECIAL-PEARL-2.jpg\",\"datePublished\":\"2024-01-17T12:16:29+00:00\",\"dateModified\":\"2024-09-18T15:19:38+00:00\",\"description\":\"Gift set special Pearl includes PEARL SCENTED CANDLE of 80 g and PEARL BODY CREAM 200 ml for a special experience of enjoying the sophisticated scent of orange blossom.\",\"breadcrumb\":{\"@id\":\"https:\/\/skycosmeticsgroup.com\/en\/proizvod\/gift-set-special-pearl\/#breadcrumb\"},\"inLanguage\":\"en-US\",\"potentialAction\":[{\"@type\":\"ReadAction\",\"target\":[\"https:\/\/skycosmeticsgroup.com\/en\/proizvod\/gift-set-special-pearl\/\"]}]},{\"@type\":\"ImageObject\",\"inLanguage\":\"en-US\",\"@id\":\"https:\/\/skycosmeticsgroup.com\/en\/proizvod\/gift-set-special-pearl\/#primaryimage\",\"url\":\"https:\/\/skycosmeticsgroup.com\/wp-content\/uploads\/2024\/01\/GIFT-SET-SPECIAL-PEARL-2.jpg\",\"contentUrl\":\"https:\/\/skycosmeticsgroup.com\/wp-content\/uploads\/2024\/01\/GIFT-SET-SPECIAL-PEARL-2.jpg\",\"width\":1619,\"height\":1080},{\"@type\":\"BreadcrumbList\",\"@id\":\"https:\/\/skycosmeticsgroup.com\/en\/proizvod\/gift-set-special-pearl\/#breadcrumb\",\"itemListElement\":[{\"@type\":\"ListItem\",\"position\":1,\"name\":\"Po\u010detna stranica\",\"item\":\"https:\/\/skycosmeticsgroup.com\/en\/\"},{\"@type\":\"ListItem\",\"position\":2,\"name\":\"Shop\",\"item\":\"https:\/\/skycosmeticsgroup.com\/en\/shop\/\"},{\"@type\":\"ListItem\",\"position\":3,\"name\":\"GIFT SET SPECIAL PEARL\"}]},{\"@type\":\"WebSite\",\"@id\":\"https:\/\/skycosmeticsgroup.com\/en\/#website\",\"url\":\"https:\/\/skycosmeticsgroup.com\/en\/\",\"name\":\"Sky Cosmetics Group\",\"description\":\"\",\"publisher\":{\"@id\":\"https:\/\/skycosmeticsgroup.com\/en\/#organization\"},\"potentialAction\":[{\"@type\":\"SearchAction\",\"target\":{\"@type\":\"EntryPoint\",\"urlTemplate\":\"https:\/\/skycosmeticsgroup.com\/en\/?s={search_term_string}\"},\"query-input\":\"required name=search_term_string\"}],\"inLanguage\":\"en-US\"},{\"@type\":\"Organization\",\"@id\":\"https:\/\/skycosmeticsgroup.com\/en\/#organization\",\"name\":\"Sky Cosmetics Group\",\"url\":\"https:\/\/skycosmeticsgroup.com\/en\/\",\"logo\":{\"@type\":\"ImageObject\",\"inLanguage\":\"en-US\",\"@id\":\"https:\/\/skycosmeticsgroup.com\/en\/#\/schema\/logo\/image\/\",\"url\":\"https:\/\/skycosmeticsgroup.com\/wp-content\/uploads\/2024\/01\/cropped-Sky-cosmetics-logotipi-u-boji-02-2.png\",\"contentUrl\":\"https:\/\/skycosmeticsgroup.com\/wp-content\/uploads\/2024\/01\/cropped-Sky-cosmetics-logotipi-u-boji-02-2.png\",\"width\":512,\"height\":512,\"caption\":\"Sky Cosmetics Group\"},\"image\":{\"@id\":\"https:\/\/skycosmeticsgroup.com\/en\/#\/schema\/logo\/image\/\"}}]}<\/script>\n<!-- \/ Yoast SEO plugin. -->","yoast_head_json":{"title":"GIFT SET SPECIAL PEARL - Sky Cosmetics Group","description":"Gift set special Pearl includes PEARL SCENTED CANDLE of 80 g and PEARL BODY CREAM 200 ml for a special experience of enjoying the sophisticated scent of orange blossom.","robots":{"index":"index","follow":"follow","max-snippet":"max-snippet:-1","max-image-preview":"max-image-preview:large","max-video-preview":"max-video-preview:-1"},"canonical":"https:\/\/skycosmeticsgroup.com\/en\/proizvod\/gift-set-special-pearl\/","og_locale":"en_US","og_type":"article","og_title":"GIFT SET SPECIAL PEARL - Sky Cosmetics Group","og_description":"Gift set special Pearl includes PEARL SCENTED CANDLE of 80 g and PEARL BODY CREAM 200 ml for a special experience of enjoying the sophisticated scent of orange blossom.","og_url":"https:\/\/skycosmeticsgroup.com\/en\/proizvod\/gift-set-special-pearl\/","og_site_name":"Sky Cosmetics Group","article_modified_time":"2024-09-18T15:19:38+00:00","og_image":[{"width":1619,"height":1080,"url":"https:\/\/skycosmeticsgroup.com\/wp-content\/uploads\/2024\/01\/GIFT-SET-SPECIAL-PEARL-2.jpg","type":"image\/jpeg"}],"twitter_card":"summary_large_image","twitter_misc":{"Est. reading time":"2 minutes"},"schema":{"@context":"https:\/\/schema.org","@graph":[{"@type":"WebPage","@id":"https:\/\/skycosmeticsgroup.com\/en\/proizvod\/gift-set-special-pearl\/","url":"https:\/\/skycosmeticsgroup.com\/en\/proizvod\/gift-set-special-pearl\/","name":"GIFT SET SPECIAL PEARL - Sky Cosmetics Group","isPartOf":{"@id":"https:\/\/skycosmeticsgroup.com\/en\/#website"},"primaryImageOfPage":{"@id":"https:\/\/skycosmeticsgroup.com\/en\/proizvod\/gift-set-special-pearl\/#primaryimage"},"image":{"@id":"https:\/\/skycosmeticsgroup.com\/en\/proizvod\/gift-set-special-pearl\/#primaryimage"},"thumbnailUrl":"https:\/\/skycosmeticsgroup.com\/wp-content\/uploads\/2024\/01\/GIFT-SET-SPECIAL-PEARL-2.jpg","datePublished":"2024-01-17T12:16:29+00:00","dateModified":"2024-09-18T15:19:38+00:00","description":"Gift set special Pearl includes PEARL SCENTED CANDLE of 80 g and PEARL BODY CREAM 200 ml for a special experience of enjoying the sophisticated scent of orange blossom.","breadcrumb":{"@id":"https:\/\/skycosmeticsgroup.com\/en\/proizvod\/gift-set-special-pearl\/#breadcrumb"},"inLanguage":"en-US","potentialAction":[{"@type":"ReadAction","target":["https:\/\/skycosmeticsgroup.com\/en\/proizvod\/gift-set-special-pearl\/"]}]},{"@type":"ImageObject","inLanguage":"en-US","@id":"https:\/\/skycosmeticsgroup.com\/en\/proizvod\/gift-set-special-pearl\/#primaryimage","url":"https:\/\/skycosmeticsgroup.com\/wp-content\/uploads\/2024\/01\/GIFT-SET-SPECIAL-PEARL-2.jpg","contentUrl":"https:\/\/skycosmeticsgroup.com\/wp-content\/uploads\/2024\/01\/GIFT-SET-SPECIAL-PEARL-2.jpg","width":1619,"height":1080},{"@type":"BreadcrumbList","@id":"https:\/\/skycosmeticsgroup.com\/en\/proizvod\/gift-set-special-pearl\/#breadcrumb","itemListElement":[{"@type":"ListItem","position":1,"name":"Po\u010detna stranica","item":"https:\/\/skycosmeticsgroup.com\/en\/"},{"@type":"ListItem","position":2,"name":"Shop","item":"https:\/\/skycosmeticsgroup.com\/en\/shop\/"},{"@type":"ListItem","position":3,"name":"GIFT SET SPECIAL PEARL"}]},{"@type":"WebSite","@id":"https:\/\/skycosmeticsgroup.com\/en\/#website","url":"https:\/\/skycosmeticsgroup.com\/en\/","name":"Sky Cosmetics Group","description":"","publisher":{"@id":"https:\/\/skycosmeticsgroup.com\/en\/#organization"},"potentialAction":[{"@type":"SearchAction","target":{"@type":"EntryPoint","urlTemplate":"https:\/\/skycosmeticsgroup.com\/en\/?s={search_term_string}"},"query-input":"required name=search_term_string"}],"inLanguage":"en-US"},{"@type":"Organization","@id":"https:\/\/skycosmeticsgroup.com\/en\/#organization","name":"Sky Cosmetics Group","url":"https:\/\/skycosmeticsgroup.com\/en\/","logo":{"@type":"ImageObject","inLanguage":"en-US","@id":"https:\/\/skycosmeticsgroup.com\/en\/#\/schema\/logo\/image\/","url":"https:\/\/skycosmeticsgroup.com\/wp-content\/uploads\/2024\/01\/cropped-Sky-cosmetics-logotipi-u-boji-02-2.png","contentUrl":"https:\/\/skycosmeticsgroup.com\/wp-content\/uploads\/2024\/01\/cropped-Sky-cosmetics-logotipi-u-boji-02-2.png","width":512,"height":512,"caption":"Sky Cosmetics Group"},"image":{"@id":"https:\/\/skycosmeticsgroup.com\/en\/#\/schema\/logo\/image\/"}}]}},"_links":{"self":[{"href":"https:\/\/skycosmeticsgroup.com\/en\/wp-json\/wp\/v2\/product\/1792","targetHints":{"allow":["GET"]}}],"collection":[{"href":"https:\/\/skycosmeticsgroup.com\/en\/wp-json\/wp\/v2\/product"}],"about":[{"href":"https:\/\/skycosmeticsgroup.com\/en\/wp-json\/wp\/v2\/types\/product"}],"wp:featuredmedia":[{"embeddable":true,"href":"https:\/\/skycosmeticsgroup.com\/en\/wp-json\/wp\/v2\/media\/2070"}],"wp:attachment":[{"href":"https:\/\/skycosmeticsgroup.com\/en\/wp-json\/wp\/v2\/media?parent=1792"}],"wp:term":[{"taxonomy":"product_cat","embeddable":true,"href":"https:\/\/skycosmeticsgroup.com\/en\/wp-json\/wp\/v2\/product_cat?post=1792"},{"taxonomy":"product_tag","embeddable":true,"href":"https:\/\/skycosmeticsgroup.com\/en\/wp-json\/wp\/v2\/product_tag?post=1792"}],"curies":[{"name":"wp","href":"https:\/\/api.w.org\/{rel}","templated":true}]}}