{"id":1793,"date":"2024-01-17T12:31:08","date_gmt":"2024-01-17T11:31:08","guid":{"rendered":"https:\/\/skycosmeticsgroup.com\/proizvod\/gold-sapphire-gift-set\/"},"modified":"2025-05-15T21:41:06","modified_gmt":"2025-05-15T19:41:06","slug":"gold-sapphire-gift-set","status":"publish","type":"product","link":"https:\/\/skycosmeticsgroup.com\/en\/proizvod\/gold-sapphire-gift-set\/","title":{"rendered":"GOLD SAPPHIRE GIFT SET"},"content":{"rendered":"<p><strong>SAPPHIRE HAND CREAM 50 ml<\/strong><\/p>\n<p><strong>* HR\/BIH *<\/strong> Sapphire hand cream 50 ml * Fragrant hand cream protects and hydrates the skin * Usage: Apply the cream several times a day after washing your hands<br \/>\n<strong>* DE *<\/strong> Handcreme Saphir 50 ml * Die fuftige Handcreme bietet der Haut Schutz und Feuchtigkeit * Anwendung: Handcreme mehrmals t\u00e4glich nach dem H\u00e4ndewaschen auftragen<br \/>\n<strong>* EN *<\/strong> Sapphire hand cream 50 ml * Scented hand cream protects and hydrates the skin * Application: Apply cream multiple times a day after washing your hands<br \/>\n<strong>* SLO *<\/strong> Safir hand cream 50 ml * Breathable hand cream protects and moisturizes the skin * Use: apply the cream several times a day, after washing<br \/>\n<strong>* SR *<\/strong> Sapphire hand cream 50 ml * Fragrant hand cream protects and hydrates the skin * Use: Apply the cream several times a day after washing your hands.<\/p>\n<p><strong><br \/>\nSAPPHIRE BODY CREAM 200 ml<\/strong><\/p>\n<p><strong>* HR\/BIH *<\/strong> Sapphire body cream 200 ml * Fragrant and revitalizing cream for the care of the whole body * Use: Apply the cream to clean body skin and gently massage<br \/>\n<strong>* DE *<\/strong> K\u00f6rpercreme Saphir 200 ml * Eine duftige und wiederbelebende Creme f\u00fcr ganzheitliche K\u00f6rperpflege * Anwendung: Die Creme auf saubere K\u00f6rperhaut auftragen und sanft einmassieren<br \/>\n<strong>* EN *<\/strong> Sapphire body cream 200 ml * Scented and revitalizing cream for complete body care * Application: Apply cream to clean body skin and massage gently<br \/>\n<strong>* SLO *<\/strong> Safir body cream 200 ml * Breathing and restorative cream for the whole body * Use: Apply the cream to clean body skin and gently rub it in.<br \/>\n<strong>* SR *<\/strong> Sapphire body cream 200 ml * Fragrant and revitalizing cream for the care of the whole body * Use: Apply the cream to clean body skin and gently massage.<\/p>\n","protected":false},"excerpt":{"rendered":"<p>the scent of pure nature, amber trees and the endless sea, enriched with a bouquet of white flowers and cashmere<\/p>\n<p>Gift set gold Sapphire consists of:<br \/>\nSAPPHIRE HAND CREAM 50 ml<br \/>\nSAPPHIRE BODY CREAM 200 ml<\/p>\n<p>* Get a free candle with the purchase of 3 or more products.<\/p>\n<p>&nbsp;<\/p>\n","protected":false},"featured_media":2082,"template":"","meta":[],"product_cat":[51,57,73],"product_tag":[],"class_list":{"0":"post-1793","1":"product","2":"type-product","3":"status-publish","4":"has-post-thumbnail","6":"product_cat-gift-set-en","7":"product_cat-gift-set-gold-en","8":"product_cat-collection-sapphire","10":"first","11":"instock","12":"shipping-taxable","13":"purchasable","14":"product-type-simple"},"yoast_head":"<!-- This site is optimized with the Yoast SEO plugin v23.0 - https:\/\/yoast.com\/wordpress\/plugins\/seo\/ -->\n<title>GOLD SAPPHIRE GIFT SET - Sky Cosmetics Group<\/title>\n<meta name=\"description\" content=\"Gift set gold Sapphire contains SAPPHIRE HAND CREAM of 50 ml and SAPPHIRE BODY CREAM of 200 ml for refreshing skin care with the scent of amber trees and the sea.\" \/>\n<meta name=\"robots\" content=\"index, follow, max-snippet:-1, max-image-preview:large, max-video-preview:-1\" \/>\n<link rel=\"canonical\" href=\"https:\/\/skycosmeticsgroup.com\/en\/proizvod\/gold-sapphire-gift-set\/\" \/>\n<meta property=\"og:locale\" content=\"en_US\" \/>\n<meta property=\"og:type\" content=\"article\" \/>\n<meta property=\"og:title\" content=\"GOLD SAPPHIRE GIFT SET - Sky Cosmetics Group\" \/>\n<meta property=\"og:description\" content=\"Gift set gold Sapphire contains SAPPHIRE HAND CREAM of 50 ml and SAPPHIRE BODY CREAM of 200 ml for refreshing skin care with the scent of amber trees and the sea.\" \/>\n<meta property=\"og:url\" content=\"https:\/\/skycosmeticsgroup.com\/en\/proizvod\/gold-sapphire-gift-set\/\" \/>\n<meta property=\"og:site_name\" content=\"Sky Cosmetics Group\" \/>\n<meta property=\"article:modified_time\" content=\"2025-05-15T19:41:06+00:00\" \/>\n<meta property=\"og:image\" content=\"https:\/\/skycosmeticsgroup.com\/wp-content\/uploads\/2024\/01\/GIFT-SET-GOLD-SAPPHIRE-2.jpg\" \/>\n\t<meta property=\"og:image:width\" content=\"1619\" \/>\n\t<meta property=\"og:image:height\" content=\"1080\" \/>\n\t<meta property=\"og:image:type\" content=\"image\/jpeg\" \/>\n<meta name=\"twitter:card\" content=\"summary_large_image\" \/>\n<meta name=\"twitter:label1\" content=\"Est. reading time\" \/>\n\t<meta name=\"twitter:data1\" content=\"2 minutes\" \/>\n<script type=\"application\/ld+json\" class=\"yoast-schema-graph\">{\"@context\":\"https:\/\/schema.org\",\"@graph\":[{\"@type\":\"WebPage\",\"@id\":\"https:\/\/skycosmeticsgroup.com\/en\/proizvod\/gold-sapphire-gift-set\/\",\"url\":\"https:\/\/skycosmeticsgroup.com\/en\/proizvod\/gold-sapphire-gift-set\/\",\"name\":\"GOLD SAPPHIRE GIFT SET - Sky Cosmetics Group\",\"isPartOf\":{\"@id\":\"https:\/\/skycosmeticsgroup.com\/en\/#website\"},\"primaryImageOfPage\":{\"@id\":\"https:\/\/skycosmeticsgroup.com\/en\/proizvod\/gold-sapphire-gift-set\/#primaryimage\"},\"image\":{\"@id\":\"https:\/\/skycosmeticsgroup.com\/en\/proizvod\/gold-sapphire-gift-set\/#primaryimage\"},\"thumbnailUrl\":\"https:\/\/skycosmeticsgroup.com\/wp-content\/uploads\/2024\/01\/GIFT-SET-GOLD-SAPPHIRE-2.jpg\",\"datePublished\":\"2024-01-17T11:31:08+00:00\",\"dateModified\":\"2025-05-15T19:41:06+00:00\",\"description\":\"Gift set gold Sapphire contains SAPPHIRE HAND CREAM of 50 ml and SAPPHIRE BODY CREAM of 200 ml for refreshing skin care with the scent of amber trees and the sea.\",\"breadcrumb\":{\"@id\":\"https:\/\/skycosmeticsgroup.com\/en\/proizvod\/gold-sapphire-gift-set\/#breadcrumb\"},\"inLanguage\":\"en-US\",\"potentialAction\":[{\"@type\":\"ReadAction\",\"target\":[\"https:\/\/skycosmeticsgroup.com\/en\/proizvod\/gold-sapphire-gift-set\/\"]}]},{\"@type\":\"ImageObject\",\"inLanguage\":\"en-US\",\"@id\":\"https:\/\/skycosmeticsgroup.com\/en\/proizvod\/gold-sapphire-gift-set\/#primaryimage\",\"url\":\"https:\/\/skycosmeticsgroup.com\/wp-content\/uploads\/2024\/01\/GIFT-SET-GOLD-SAPPHIRE-2.jpg\",\"contentUrl\":\"https:\/\/skycosmeticsgroup.com\/wp-content\/uploads\/2024\/01\/GIFT-SET-GOLD-SAPPHIRE-2.jpg\",\"width\":1619,\"height\":1080},{\"@type\":\"BreadcrumbList\",\"@id\":\"https:\/\/skycosmeticsgroup.com\/en\/proizvod\/gold-sapphire-gift-set\/#breadcrumb\",\"itemListElement\":[{\"@type\":\"ListItem\",\"position\":1,\"name\":\"Po\u010detna stranica\",\"item\":\"https:\/\/skycosmeticsgroup.com\/en\/\"},{\"@type\":\"ListItem\",\"position\":2,\"name\":\"Shop\",\"item\":\"https:\/\/skycosmeticsgroup.com\/en\/shop\/\"},{\"@type\":\"ListItem\",\"position\":3,\"name\":\"GOLD SAPPHIRE GIFT SET\"}]},{\"@type\":\"WebSite\",\"@id\":\"https:\/\/skycosmeticsgroup.com\/en\/#website\",\"url\":\"https:\/\/skycosmeticsgroup.com\/en\/\",\"name\":\"Sky Cosmetics Group\",\"description\":\"\",\"publisher\":{\"@id\":\"https:\/\/skycosmeticsgroup.com\/en\/#organization\"},\"potentialAction\":[{\"@type\":\"SearchAction\",\"target\":{\"@type\":\"EntryPoint\",\"urlTemplate\":\"https:\/\/skycosmeticsgroup.com\/en\/?s={search_term_string}\"},\"query-input\":\"required name=search_term_string\"}],\"inLanguage\":\"en-US\"},{\"@type\":\"Organization\",\"@id\":\"https:\/\/skycosmeticsgroup.com\/en\/#organization\",\"name\":\"Sky Cosmetics Group\",\"url\":\"https:\/\/skycosmeticsgroup.com\/en\/\",\"logo\":{\"@type\":\"ImageObject\",\"inLanguage\":\"en-US\",\"@id\":\"https:\/\/skycosmeticsgroup.com\/en\/#\/schema\/logo\/image\/\",\"url\":\"https:\/\/skycosmeticsgroup.com\/wp-content\/uploads\/2024\/01\/cropped-Sky-cosmetics-logotipi-u-boji-02-2.png\",\"contentUrl\":\"https:\/\/skycosmeticsgroup.com\/wp-content\/uploads\/2024\/01\/cropped-Sky-cosmetics-logotipi-u-boji-02-2.png\",\"width\":512,\"height\":512,\"caption\":\"Sky Cosmetics Group\"},\"image\":{\"@id\":\"https:\/\/skycosmeticsgroup.com\/en\/#\/schema\/logo\/image\/\"}}]}<\/script>\n<!-- \/ Yoast SEO plugin. -->","yoast_head_json":{"title":"GOLD SAPPHIRE GIFT SET - Sky Cosmetics Group","description":"Gift set gold Sapphire contains SAPPHIRE HAND CREAM of 50 ml and SAPPHIRE BODY CREAM of 200 ml for refreshing skin care with the scent of amber trees and the sea.","robots":{"index":"index","follow":"follow","max-snippet":"max-snippet:-1","max-image-preview":"max-image-preview:large","max-video-preview":"max-video-preview:-1"},"canonical":"https:\/\/skycosmeticsgroup.com\/en\/proizvod\/gold-sapphire-gift-set\/","og_locale":"en_US","og_type":"article","og_title":"GOLD SAPPHIRE GIFT SET - Sky Cosmetics Group","og_description":"Gift set gold Sapphire contains SAPPHIRE HAND CREAM of 50 ml and SAPPHIRE BODY CREAM of 200 ml for refreshing skin care with the scent of amber trees and the sea.","og_url":"https:\/\/skycosmeticsgroup.com\/en\/proizvod\/gold-sapphire-gift-set\/","og_site_name":"Sky Cosmetics Group","article_modified_time":"2025-05-15T19:41:06+00:00","og_image":[{"width":1619,"height":1080,"url":"https:\/\/skycosmeticsgroup.com\/wp-content\/uploads\/2024\/01\/GIFT-SET-GOLD-SAPPHIRE-2.jpg","type":"image\/jpeg"}],"twitter_card":"summary_large_image","twitter_misc":{"Est. reading time":"2 minutes"},"schema":{"@context":"https:\/\/schema.org","@graph":[{"@type":"WebPage","@id":"https:\/\/skycosmeticsgroup.com\/en\/proizvod\/gold-sapphire-gift-set\/","url":"https:\/\/skycosmeticsgroup.com\/en\/proizvod\/gold-sapphire-gift-set\/","name":"GOLD SAPPHIRE GIFT SET - Sky Cosmetics Group","isPartOf":{"@id":"https:\/\/skycosmeticsgroup.com\/en\/#website"},"primaryImageOfPage":{"@id":"https:\/\/skycosmeticsgroup.com\/en\/proizvod\/gold-sapphire-gift-set\/#primaryimage"},"image":{"@id":"https:\/\/skycosmeticsgroup.com\/en\/proizvod\/gold-sapphire-gift-set\/#primaryimage"},"thumbnailUrl":"https:\/\/skycosmeticsgroup.com\/wp-content\/uploads\/2024\/01\/GIFT-SET-GOLD-SAPPHIRE-2.jpg","datePublished":"2024-01-17T11:31:08+00:00","dateModified":"2025-05-15T19:41:06+00:00","description":"Gift set gold Sapphire contains SAPPHIRE HAND CREAM of 50 ml and SAPPHIRE BODY CREAM of 200 ml for refreshing skin care with the scent of amber trees and the sea.","breadcrumb":{"@id":"https:\/\/skycosmeticsgroup.com\/en\/proizvod\/gold-sapphire-gift-set\/#breadcrumb"},"inLanguage":"en-US","potentialAction":[{"@type":"ReadAction","target":["https:\/\/skycosmeticsgroup.com\/en\/proizvod\/gold-sapphire-gift-set\/"]}]},{"@type":"ImageObject","inLanguage":"en-US","@id":"https:\/\/skycosmeticsgroup.com\/en\/proizvod\/gold-sapphire-gift-set\/#primaryimage","url":"https:\/\/skycosmeticsgroup.com\/wp-content\/uploads\/2024\/01\/GIFT-SET-GOLD-SAPPHIRE-2.jpg","contentUrl":"https:\/\/skycosmeticsgroup.com\/wp-content\/uploads\/2024\/01\/GIFT-SET-GOLD-SAPPHIRE-2.jpg","width":1619,"height":1080},{"@type":"BreadcrumbList","@id":"https:\/\/skycosmeticsgroup.com\/en\/proizvod\/gold-sapphire-gift-set\/#breadcrumb","itemListElement":[{"@type":"ListItem","position":1,"name":"Po\u010detna stranica","item":"https:\/\/skycosmeticsgroup.com\/en\/"},{"@type":"ListItem","position":2,"name":"Shop","item":"https:\/\/skycosmeticsgroup.com\/en\/shop\/"},{"@type":"ListItem","position":3,"name":"GOLD SAPPHIRE GIFT SET"}]},{"@type":"WebSite","@id":"https:\/\/skycosmeticsgroup.com\/en\/#website","url":"https:\/\/skycosmeticsgroup.com\/en\/","name":"Sky Cosmetics Group","description":"","publisher":{"@id":"https:\/\/skycosmeticsgroup.com\/en\/#organization"},"potentialAction":[{"@type":"SearchAction","target":{"@type":"EntryPoint","urlTemplate":"https:\/\/skycosmeticsgroup.com\/en\/?s={search_term_string}"},"query-input":"required name=search_term_string"}],"inLanguage":"en-US"},{"@type":"Organization","@id":"https:\/\/skycosmeticsgroup.com\/en\/#organization","name":"Sky Cosmetics Group","url":"https:\/\/skycosmeticsgroup.com\/en\/","logo":{"@type":"ImageObject","inLanguage":"en-US","@id":"https:\/\/skycosmeticsgroup.com\/en\/#\/schema\/logo\/image\/","url":"https:\/\/skycosmeticsgroup.com\/wp-content\/uploads\/2024\/01\/cropped-Sky-cosmetics-logotipi-u-boji-02-2.png","contentUrl":"https:\/\/skycosmeticsgroup.com\/wp-content\/uploads\/2024\/01\/cropped-Sky-cosmetics-logotipi-u-boji-02-2.png","width":512,"height":512,"caption":"Sky Cosmetics Group"},"image":{"@id":"https:\/\/skycosmeticsgroup.com\/en\/#\/schema\/logo\/image\/"}}]}},"_links":{"self":[{"href":"https:\/\/skycosmeticsgroup.com\/en\/wp-json\/wp\/v2\/product\/1793","targetHints":{"allow":["GET"]}}],"collection":[{"href":"https:\/\/skycosmeticsgroup.com\/en\/wp-json\/wp\/v2\/product"}],"about":[{"href":"https:\/\/skycosmeticsgroup.com\/en\/wp-json\/wp\/v2\/types\/product"}],"wp:featuredmedia":[{"embeddable":true,"href":"https:\/\/skycosmeticsgroup.com\/en\/wp-json\/wp\/v2\/media\/2082"}],"wp:attachment":[{"href":"https:\/\/skycosmeticsgroup.com\/en\/wp-json\/wp\/v2\/media?parent=1793"}],"wp:term":[{"taxonomy":"product_cat","embeddable":true,"href":"https:\/\/skycosmeticsgroup.com\/en\/wp-json\/wp\/v2\/product_cat?post=1793"},{"taxonomy":"product_tag","embeddable":true,"href":"https:\/\/skycosmeticsgroup.com\/en\/wp-json\/wp\/v2\/product_tag?post=1793"}],"curies":[{"name":"wp","href":"https:\/\/api.w.org\/{rel}","templated":true}]}}