{"id":1814,"date":"2024-01-12T22:02:01","date_gmt":"2024-01-12T21:02:01","guid":{"rendered":"https:\/\/skycosmeticsgroup.com\/proizvod\/sapphire-body-cream-200-ml\/"},"modified":"2025-08-24T08:54:18","modified_gmt":"2025-08-24T06:54:18","slug":"sapphire-body-cream-200-ml","status":"publish","type":"product","link":"https:\/\/skycosmeticsgroup.com\/en\/proizvod\/sapphire-body-cream-200-ml\/","title":{"rendered":"SAPPHIRE BODY CREAM 200 ml"},"content":{"rendered":"<p><strong>* HR\/BIH *<\/strong> Sapphire body cream 200 ml * Fragrant and revitalizing cream for the care of the whole body * Usage: Apply the cream to clean body skin and gently massage<\/p>\n<p><strong>* DE *<\/strong> K\u00f6rpercreme Saphir 200 ml * Eine duftige und wiederbelebende Creme f\u00fcr ganzheitliche K\u00f6rperpflege * Anwendung: Die Creme auf saubere K\u00f6rperhaut auftragen und sanft einmassieren<\/p>\n<p><strong>* EN *<\/strong> Sapphire body cream 200 ml * Scented and revitalizing cream for complete body care * Application: Apply cream to clean body skin and massage gently<\/p>\n<p><strong>* SLO *<\/strong> Safir body cream 200 ml * Breathing and restorative cream for the whole body * Use: Apply the cream to clean body skin and gently rub it in.<\/p>\n<p><strong>* SR *<\/strong> Sapphire body cream 200 ml * Fragrant and revitalizing cream for the care of the whole body * Use: Apply the cream to clean body skin and gently massage.<\/p>\n","protected":false},"excerpt":{"rendered":"<p>the scent of pure nature, amber trees and the endless sea, enriched with a bouquet of white flowers and cashmere<\/p>\n<p>Fragrant revitalizing body cream enriched with shea and cocoa butter makes the skin hydrated and soft. Nutrient oil and coenzyme Q10 provides anti-inflammatory action and protects against external influences, while alanthion and aloe vera regenerate the skin.<\/p>\n<p>* Get a free candle with the purchase of 3 or more products.<\/p>\n","protected":false},"featured_media":2114,"template":"","meta":[],"product_cat":[56,50,73],"product_tag":[],"class_list":{"0":"post-1814","1":"product","2":"type-product","3":"status-publish","4":"has-post-thumbnail","6":"product_cat-body-cream-en","7":"product_cat-shop-en","8":"product_cat-collection-sapphire","10":"first","11":"instock","12":"shipping-taxable","13":"purchasable","14":"product-type-simple"},"yoast_head":"<!-- This site is optimized with the Yoast SEO plugin v23.0 - https:\/\/yoast.com\/wordpress\/plugins\/seo\/ -->\n<title>SAPPHIRE BODY CREAM 200 ml - Sky Cosmetics Group<\/title>\n<meta name=\"description\" content=\"Enjoy the long-lasting feeling of hydration and radiant skin that radiates vitality with the scent of amber trees, the endless sea and a bouquet of white flowers.\" \/>\n<meta name=\"robots\" content=\"index, follow, max-snippet:-1, max-image-preview:large, max-video-preview:-1\" \/>\n<link rel=\"canonical\" href=\"https:\/\/skycosmeticsgroup.com\/en\/proizvod\/sapphire-body-cream-200-ml\/\" \/>\n<meta property=\"og:locale\" content=\"en_US\" \/>\n<meta property=\"og:type\" content=\"article\" \/>\n<meta property=\"og:title\" content=\"SAPPHIRE BODY CREAM 200 ml - Sky Cosmetics Group\" \/>\n<meta property=\"og:description\" content=\"Enjoy the long-lasting feeling of hydration and radiant skin that radiates vitality with the scent of amber trees, the endless sea and a bouquet of white flowers.\" \/>\n<meta property=\"og:url\" content=\"https:\/\/skycosmeticsgroup.com\/en\/proizvod\/sapphire-body-cream-200-ml\/\" \/>\n<meta property=\"og:site_name\" content=\"Sky Cosmetics Group\" \/>\n<meta property=\"article:modified_time\" content=\"2025-08-24T06:54:18+00:00\" \/>\n<meta property=\"og:image\" content=\"https:\/\/skycosmeticsgroup.com\/wp-content\/uploads\/2024\/01\/SAPPHIRE-BODY-CREAM-scaled.jpg\" \/>\n\t<meta property=\"og:image:width\" content=\"2560\" \/>\n\t<meta property=\"og:image:height\" content=\"1707\" \/>\n\t<meta property=\"og:image:type\" content=\"image\/jpeg\" \/>\n<meta name=\"twitter:card\" content=\"summary_large_image\" \/>\n<meta name=\"twitter:label1\" content=\"Est. reading time\" \/>\n\t<meta name=\"twitter:data1\" content=\"2 minutes\" \/>\n<script type=\"application\/ld+json\" class=\"yoast-schema-graph\">{\"@context\":\"https:\/\/schema.org\",\"@graph\":[{\"@type\":\"WebPage\",\"@id\":\"https:\/\/skycosmeticsgroup.com\/en\/proizvod\/sapphire-body-cream-200-ml\/\",\"url\":\"https:\/\/skycosmeticsgroup.com\/en\/proizvod\/sapphire-body-cream-200-ml\/\",\"name\":\"SAPPHIRE BODY CREAM 200 ml - Sky Cosmetics Group\",\"isPartOf\":{\"@id\":\"https:\/\/skycosmeticsgroup.com\/en\/#website\"},\"primaryImageOfPage\":{\"@id\":\"https:\/\/skycosmeticsgroup.com\/en\/proizvod\/sapphire-body-cream-200-ml\/#primaryimage\"},\"image\":{\"@id\":\"https:\/\/skycosmeticsgroup.com\/en\/proizvod\/sapphire-body-cream-200-ml\/#primaryimage\"},\"thumbnailUrl\":\"https:\/\/skycosmeticsgroup.com\/wp-content\/uploads\/2024\/01\/SAPPHIRE-BODY-CREAM-scaled.jpg\",\"datePublished\":\"2024-01-12T21:02:01+00:00\",\"dateModified\":\"2025-08-24T06:54:18+00:00\",\"description\":\"Enjoy the long-lasting feeling of hydration and radiant skin that radiates vitality with the scent of amber trees, the endless sea and a bouquet of white flowers.\",\"breadcrumb\":{\"@id\":\"https:\/\/skycosmeticsgroup.com\/en\/proizvod\/sapphire-body-cream-200-ml\/#breadcrumb\"},\"inLanguage\":\"en-US\",\"potentialAction\":[{\"@type\":\"ReadAction\",\"target\":[\"https:\/\/skycosmeticsgroup.com\/en\/proizvod\/sapphire-body-cream-200-ml\/\"]}]},{\"@type\":\"ImageObject\",\"inLanguage\":\"en-US\",\"@id\":\"https:\/\/skycosmeticsgroup.com\/en\/proizvod\/sapphire-body-cream-200-ml\/#primaryimage\",\"url\":\"https:\/\/skycosmeticsgroup.com\/wp-content\/uploads\/2024\/01\/SAPPHIRE-BODY-CREAM-scaled.jpg\",\"contentUrl\":\"https:\/\/skycosmeticsgroup.com\/wp-content\/uploads\/2024\/01\/SAPPHIRE-BODY-CREAM-scaled.jpg\",\"width\":2560,\"height\":1707},{\"@type\":\"BreadcrumbList\",\"@id\":\"https:\/\/skycosmeticsgroup.com\/en\/proizvod\/sapphire-body-cream-200-ml\/#breadcrumb\",\"itemListElement\":[{\"@type\":\"ListItem\",\"position\":1,\"name\":\"Po\u010detna stranica\",\"item\":\"https:\/\/skycosmeticsgroup.com\/en\/\"},{\"@type\":\"ListItem\",\"position\":2,\"name\":\"Shop\",\"item\":\"https:\/\/skycosmeticsgroup.com\/en\/shop\/\"},{\"@type\":\"ListItem\",\"position\":3,\"name\":\"SAPPHIRE BODY CREAM 200 ml\"}]},{\"@type\":\"WebSite\",\"@id\":\"https:\/\/skycosmeticsgroup.com\/en\/#website\",\"url\":\"https:\/\/skycosmeticsgroup.com\/en\/\",\"name\":\"Sky Cosmetics Group\",\"description\":\"\",\"publisher\":{\"@id\":\"https:\/\/skycosmeticsgroup.com\/en\/#organization\"},\"potentialAction\":[{\"@type\":\"SearchAction\",\"target\":{\"@type\":\"EntryPoint\",\"urlTemplate\":\"https:\/\/skycosmeticsgroup.com\/en\/?s={search_term_string}\"},\"query-input\":\"required name=search_term_string\"}],\"inLanguage\":\"en-US\"},{\"@type\":\"Organization\",\"@id\":\"https:\/\/skycosmeticsgroup.com\/en\/#organization\",\"name\":\"Sky Cosmetics Group\",\"url\":\"https:\/\/skycosmeticsgroup.com\/en\/\",\"logo\":{\"@type\":\"ImageObject\",\"inLanguage\":\"en-US\",\"@id\":\"https:\/\/skycosmeticsgroup.com\/en\/#\/schema\/logo\/image\/\",\"url\":\"https:\/\/skycosmeticsgroup.com\/wp-content\/uploads\/2024\/01\/cropped-Sky-cosmetics-logotipi-u-boji-02-2.png\",\"contentUrl\":\"https:\/\/skycosmeticsgroup.com\/wp-content\/uploads\/2024\/01\/cropped-Sky-cosmetics-logotipi-u-boji-02-2.png\",\"width\":512,\"height\":512,\"caption\":\"Sky Cosmetics Group\"},\"image\":{\"@id\":\"https:\/\/skycosmeticsgroup.com\/en\/#\/schema\/logo\/image\/\"}}]}<\/script>\n<!-- \/ Yoast SEO plugin. -->","yoast_head_json":{"title":"SAPPHIRE BODY CREAM 200 ml - Sky Cosmetics Group","description":"Enjoy the long-lasting feeling of hydration and radiant skin that radiates vitality with the scent of amber trees, the endless sea and a bouquet of white flowers.","robots":{"index":"index","follow":"follow","max-snippet":"max-snippet:-1","max-image-preview":"max-image-preview:large","max-video-preview":"max-video-preview:-1"},"canonical":"https:\/\/skycosmeticsgroup.com\/en\/proizvod\/sapphire-body-cream-200-ml\/","og_locale":"en_US","og_type":"article","og_title":"SAPPHIRE BODY CREAM 200 ml - Sky Cosmetics Group","og_description":"Enjoy the long-lasting feeling of hydration and radiant skin that radiates vitality with the scent of amber trees, the endless sea and a bouquet of white flowers.","og_url":"https:\/\/skycosmeticsgroup.com\/en\/proizvod\/sapphire-body-cream-200-ml\/","og_site_name":"Sky Cosmetics Group","article_modified_time":"2025-08-24T06:54:18+00:00","og_image":[{"width":2560,"height":1707,"url":"https:\/\/skycosmeticsgroup.com\/wp-content\/uploads\/2024\/01\/SAPPHIRE-BODY-CREAM-scaled.jpg","type":"image\/jpeg"}],"twitter_card":"summary_large_image","twitter_misc":{"Est. reading time":"2 minutes"},"schema":{"@context":"https:\/\/schema.org","@graph":[{"@type":"WebPage","@id":"https:\/\/skycosmeticsgroup.com\/en\/proizvod\/sapphire-body-cream-200-ml\/","url":"https:\/\/skycosmeticsgroup.com\/en\/proizvod\/sapphire-body-cream-200-ml\/","name":"SAPPHIRE BODY CREAM 200 ml - Sky Cosmetics Group","isPartOf":{"@id":"https:\/\/skycosmeticsgroup.com\/en\/#website"},"primaryImageOfPage":{"@id":"https:\/\/skycosmeticsgroup.com\/en\/proizvod\/sapphire-body-cream-200-ml\/#primaryimage"},"image":{"@id":"https:\/\/skycosmeticsgroup.com\/en\/proizvod\/sapphire-body-cream-200-ml\/#primaryimage"},"thumbnailUrl":"https:\/\/skycosmeticsgroup.com\/wp-content\/uploads\/2024\/01\/SAPPHIRE-BODY-CREAM-scaled.jpg","datePublished":"2024-01-12T21:02:01+00:00","dateModified":"2025-08-24T06:54:18+00:00","description":"Enjoy the long-lasting feeling of hydration and radiant skin that radiates vitality with the scent of amber trees, the endless sea and a bouquet of white flowers.","breadcrumb":{"@id":"https:\/\/skycosmeticsgroup.com\/en\/proizvod\/sapphire-body-cream-200-ml\/#breadcrumb"},"inLanguage":"en-US","potentialAction":[{"@type":"ReadAction","target":["https:\/\/skycosmeticsgroup.com\/en\/proizvod\/sapphire-body-cream-200-ml\/"]}]},{"@type":"ImageObject","inLanguage":"en-US","@id":"https:\/\/skycosmeticsgroup.com\/en\/proizvod\/sapphire-body-cream-200-ml\/#primaryimage","url":"https:\/\/skycosmeticsgroup.com\/wp-content\/uploads\/2024\/01\/SAPPHIRE-BODY-CREAM-scaled.jpg","contentUrl":"https:\/\/skycosmeticsgroup.com\/wp-content\/uploads\/2024\/01\/SAPPHIRE-BODY-CREAM-scaled.jpg","width":2560,"height":1707},{"@type":"BreadcrumbList","@id":"https:\/\/skycosmeticsgroup.com\/en\/proizvod\/sapphire-body-cream-200-ml\/#breadcrumb","itemListElement":[{"@type":"ListItem","position":1,"name":"Po\u010detna stranica","item":"https:\/\/skycosmeticsgroup.com\/en\/"},{"@type":"ListItem","position":2,"name":"Shop","item":"https:\/\/skycosmeticsgroup.com\/en\/shop\/"},{"@type":"ListItem","position":3,"name":"SAPPHIRE BODY CREAM 200 ml"}]},{"@type":"WebSite","@id":"https:\/\/skycosmeticsgroup.com\/en\/#website","url":"https:\/\/skycosmeticsgroup.com\/en\/","name":"Sky Cosmetics Group","description":"","publisher":{"@id":"https:\/\/skycosmeticsgroup.com\/en\/#organization"},"potentialAction":[{"@type":"SearchAction","target":{"@type":"EntryPoint","urlTemplate":"https:\/\/skycosmeticsgroup.com\/en\/?s={search_term_string}"},"query-input":"required name=search_term_string"}],"inLanguage":"en-US"},{"@type":"Organization","@id":"https:\/\/skycosmeticsgroup.com\/en\/#organization","name":"Sky Cosmetics Group","url":"https:\/\/skycosmeticsgroup.com\/en\/","logo":{"@type":"ImageObject","inLanguage":"en-US","@id":"https:\/\/skycosmeticsgroup.com\/en\/#\/schema\/logo\/image\/","url":"https:\/\/skycosmeticsgroup.com\/wp-content\/uploads\/2024\/01\/cropped-Sky-cosmetics-logotipi-u-boji-02-2.png","contentUrl":"https:\/\/skycosmeticsgroup.com\/wp-content\/uploads\/2024\/01\/cropped-Sky-cosmetics-logotipi-u-boji-02-2.png","width":512,"height":512,"caption":"Sky Cosmetics Group"},"image":{"@id":"https:\/\/skycosmeticsgroup.com\/en\/#\/schema\/logo\/image\/"}}]}},"_links":{"self":[{"href":"https:\/\/skycosmeticsgroup.com\/en\/wp-json\/wp\/v2\/product\/1814","targetHints":{"allow":["GET"]}}],"collection":[{"href":"https:\/\/skycosmeticsgroup.com\/en\/wp-json\/wp\/v2\/product"}],"about":[{"href":"https:\/\/skycosmeticsgroup.com\/en\/wp-json\/wp\/v2\/types\/product"}],"wp:featuredmedia":[{"embeddable":true,"href":"https:\/\/skycosmeticsgroup.com\/en\/wp-json\/wp\/v2\/media\/2114"}],"wp:attachment":[{"href":"https:\/\/skycosmeticsgroup.com\/en\/wp-json\/wp\/v2\/media?parent=1814"}],"wp:term":[{"taxonomy":"product_cat","embeddable":true,"href":"https:\/\/skycosmeticsgroup.com\/en\/wp-json\/wp\/v2\/product_cat?post=1814"},{"taxonomy":"product_tag","embeddable":true,"href":"https:\/\/skycosmeticsgroup.com\/en\/wp-json\/wp\/v2\/product_tag?post=1814"}],"curies":[{"name":"wp","href":"https:\/\/api.w.org\/{rel}","templated":true}]}}