{"id":1826,"date":"2024-01-12T22:05:10","date_gmt":"2024-01-12T21:05:10","guid":{"rendered":"https:\/\/skycosmeticsgroup.com\/proizvod\/pearl-body-cream-200-ml\/"},"modified":"2024-11-18T08:36:51","modified_gmt":"2024-11-18T07:36:51","slug":"pearl-body-cream-200-ml","status":"publish","type":"product","link":"https:\/\/skycosmeticsgroup.com\/en\/proizvod\/pearl-body-cream-200-ml\/","title":{"rendered":"PEARL BODY CREAM 200 ml"},"content":{"rendered":"<p><strong>* HR\/BIH *<\/strong>Perla body cream 200 ml * Fragrant and revitalizing cream for the care of the whole body * Use: Apply the cream to clean body skin and gently massage <strong>*DE*<\/strong> K\u00f6rpercreme Perle 200 ml * Eine duftige und wiederbelebende Creme f\u00fcr ganzheitliche K\u00f6rperpflege * Application: Die Creme auf saubere K\u00f6rperhaut auftragen und sanft einmassieren <strong>* EN *<\/strong> Pearl body cream 200 ml * Scented and revitalizing cream for complete body care * Application: Apply cream to clean body skin and massage gently <strong>* SLO *<\/strong> Perla body cream 200 ml * Breathing and restorative cream for the whole body * Use: Apply the cream to clean body skin and gently rub it in. <strong>* SR *<\/strong> Perla body cream 200 ml * Fragrant and revitalizing cream for the care of the whole body * Use: Apply the cream to clean body skin and gently massage.<\/p>\n","protected":false},"excerpt":{"rendered":"<p>a delicate floral powdery fragrance, a wonderful combination of patchouli, Bulgarian rose and orange blossom<\/p>\n<p>Fragrant revitalizing body cream enriched with shea and cocoa butter makes the skin hydrated and soft. Nutrient oil and coenzyme Q10 provides anti-inflammatory action and protects against external influences, while alanthion and aloe vera regenerate the skin. * Get a free candle with the purchase of 3 or more products.<\/p>\n","protected":false},"featured_media":2110,"template":"","meta":[],"product_cat":[56,50,74],"product_tag":[],"class_list":{"0":"post-1826","1":"product","2":"type-product","3":"status-publish","4":"has-post-thumbnail","6":"product_cat-body-cream-en","7":"product_cat-shop-en","8":"product_cat-the-pearl-collection","10":"first","11":"instock","12":"shipping-taxable","13":"purchasable","14":"product-type-simple"},"yoast_head":"<!-- This site is optimized with the Yoast SEO plugin v23.0 - https:\/\/yoast.com\/wordpress\/plugins\/seo\/ -->\n<title>PEARL BODY CREAM 200 ml - Sky Cosmetics Group<\/title>\n<meta name=\"description\" content=\"The combination of nourishing oil, coenzyme Q10, allantoin and aloe vera regenerates the skin with the enchanting scent of patchouli, Bulgarian rose and orange blossom.\" \/>\n<meta name=\"robots\" content=\"index, follow, max-snippet:-1, max-image-preview:large, max-video-preview:-1\" \/>\n<link rel=\"canonical\" href=\"https:\/\/skycosmeticsgroup.com\/en\/proizvod\/pearl-body-cream-200-ml\/\" \/>\n<meta property=\"og:locale\" content=\"en_US\" \/>\n<meta property=\"og:type\" content=\"article\" \/>\n<meta property=\"og:title\" content=\"PEARL BODY CREAM 200 ml - Sky Cosmetics Group\" \/>\n<meta property=\"og:description\" content=\"The combination of nourishing oil, coenzyme Q10, allantoin and aloe vera regenerates the skin with the enchanting scent of patchouli, Bulgarian rose and orange blossom.\" \/>\n<meta property=\"og:url\" content=\"https:\/\/skycosmeticsgroup.com\/en\/proizvod\/pearl-body-cream-200-ml\/\" \/>\n<meta property=\"og:site_name\" content=\"Sky Cosmetics Group\" \/>\n<meta property=\"article:modified_time\" content=\"2024-11-18T07:36:51+00:00\" \/>\n<meta property=\"og:image\" content=\"https:\/\/skycosmeticsgroup.com\/wp-content\/uploads\/2024\/01\/PEARL-BODY-CREAM.jpg\" \/>\n\t<meta property=\"og:image:width\" content=\"1619\" \/>\n\t<meta property=\"og:image:height\" content=\"1080\" \/>\n\t<meta property=\"og:image:type\" content=\"image\/jpeg\" \/>\n<meta name=\"twitter:card\" content=\"summary_large_image\" \/>\n<meta name=\"twitter:label1\" content=\"Est. reading time\" \/>\n\t<meta name=\"twitter:data1\" content=\"2 minutes\" \/>\n<script type=\"application\/ld+json\" class=\"yoast-schema-graph\">{\"@context\":\"https:\/\/schema.org\",\"@graph\":[{\"@type\":\"WebPage\",\"@id\":\"https:\/\/skycosmeticsgroup.com\/en\/proizvod\/pearl-body-cream-200-ml\/\",\"url\":\"https:\/\/skycosmeticsgroup.com\/en\/proizvod\/pearl-body-cream-200-ml\/\",\"name\":\"PEARL BODY CREAM 200 ml - Sky Cosmetics Group\",\"isPartOf\":{\"@id\":\"https:\/\/skycosmeticsgroup.com\/en\/#website\"},\"primaryImageOfPage\":{\"@id\":\"https:\/\/skycosmeticsgroup.com\/en\/proizvod\/pearl-body-cream-200-ml\/#primaryimage\"},\"image\":{\"@id\":\"https:\/\/skycosmeticsgroup.com\/en\/proizvod\/pearl-body-cream-200-ml\/#primaryimage\"},\"thumbnailUrl\":\"https:\/\/skycosmeticsgroup.com\/wp-content\/uploads\/2024\/01\/PEARL-BODY-CREAM.jpg\",\"datePublished\":\"2024-01-12T21:05:10+00:00\",\"dateModified\":\"2024-11-18T07:36:51+00:00\",\"description\":\"The combination of nourishing oil, coenzyme Q10, allantoin and aloe vera regenerates the skin with the enchanting scent of patchouli, Bulgarian rose and orange blossom.\",\"breadcrumb\":{\"@id\":\"https:\/\/skycosmeticsgroup.com\/en\/proizvod\/pearl-body-cream-200-ml\/#breadcrumb\"},\"inLanguage\":\"en-US\",\"potentialAction\":[{\"@type\":\"ReadAction\",\"target\":[\"https:\/\/skycosmeticsgroup.com\/en\/proizvod\/pearl-body-cream-200-ml\/\"]}]},{\"@type\":\"ImageObject\",\"inLanguage\":\"en-US\",\"@id\":\"https:\/\/skycosmeticsgroup.com\/en\/proizvod\/pearl-body-cream-200-ml\/#primaryimage\",\"url\":\"https:\/\/skycosmeticsgroup.com\/wp-content\/uploads\/2024\/01\/PEARL-BODY-CREAM.jpg\",\"contentUrl\":\"https:\/\/skycosmeticsgroup.com\/wp-content\/uploads\/2024\/01\/PEARL-BODY-CREAM.jpg\",\"width\":1619,\"height\":1080},{\"@type\":\"BreadcrumbList\",\"@id\":\"https:\/\/skycosmeticsgroup.com\/en\/proizvod\/pearl-body-cream-200-ml\/#breadcrumb\",\"itemListElement\":[{\"@type\":\"ListItem\",\"position\":1,\"name\":\"Po\u010detna stranica\",\"item\":\"https:\/\/skycosmeticsgroup.com\/en\/\"},{\"@type\":\"ListItem\",\"position\":2,\"name\":\"Shop\",\"item\":\"https:\/\/skycosmeticsgroup.com\/en\/shop\/\"},{\"@type\":\"ListItem\",\"position\":3,\"name\":\"PEARL BODY CREAM 200 ml\"}]},{\"@type\":\"WebSite\",\"@id\":\"https:\/\/skycosmeticsgroup.com\/en\/#website\",\"url\":\"https:\/\/skycosmeticsgroup.com\/en\/\",\"name\":\"Sky Cosmetics Group\",\"description\":\"\",\"publisher\":{\"@id\":\"https:\/\/skycosmeticsgroup.com\/en\/#organization\"},\"potentialAction\":[{\"@type\":\"SearchAction\",\"target\":{\"@type\":\"EntryPoint\",\"urlTemplate\":\"https:\/\/skycosmeticsgroup.com\/en\/?s={search_term_string}\"},\"query-input\":\"required name=search_term_string\"}],\"inLanguage\":\"en-US\"},{\"@type\":\"Organization\",\"@id\":\"https:\/\/skycosmeticsgroup.com\/en\/#organization\",\"name\":\"Sky Cosmetics Group\",\"url\":\"https:\/\/skycosmeticsgroup.com\/en\/\",\"logo\":{\"@type\":\"ImageObject\",\"inLanguage\":\"en-US\",\"@id\":\"https:\/\/skycosmeticsgroup.com\/en\/#\/schema\/logo\/image\/\",\"url\":\"https:\/\/skycosmeticsgroup.com\/wp-content\/uploads\/2024\/01\/cropped-Sky-cosmetics-logotipi-u-boji-02-2.png\",\"contentUrl\":\"https:\/\/skycosmeticsgroup.com\/wp-content\/uploads\/2024\/01\/cropped-Sky-cosmetics-logotipi-u-boji-02-2.png\",\"width\":512,\"height\":512,\"caption\":\"Sky Cosmetics Group\"},\"image\":{\"@id\":\"https:\/\/skycosmeticsgroup.com\/en\/#\/schema\/logo\/image\/\"}}]}<\/script>\n<!-- \/ Yoast SEO plugin. -->","yoast_head_json":{"title":"PEARL BODY CREAM 200 ml - Sky Cosmetics Group","description":"The combination of nourishing oil, coenzyme Q10, allantoin and aloe vera regenerates the skin with the enchanting scent of patchouli, Bulgarian rose and orange blossom.","robots":{"index":"index","follow":"follow","max-snippet":"max-snippet:-1","max-image-preview":"max-image-preview:large","max-video-preview":"max-video-preview:-1"},"canonical":"https:\/\/skycosmeticsgroup.com\/en\/proizvod\/pearl-body-cream-200-ml\/","og_locale":"en_US","og_type":"article","og_title":"PEARL BODY CREAM 200 ml - Sky Cosmetics Group","og_description":"The combination of nourishing oil, coenzyme Q10, allantoin and aloe vera regenerates the skin with the enchanting scent of patchouli, Bulgarian rose and orange blossom.","og_url":"https:\/\/skycosmeticsgroup.com\/en\/proizvod\/pearl-body-cream-200-ml\/","og_site_name":"Sky Cosmetics Group","article_modified_time":"2024-11-18T07:36:51+00:00","og_image":[{"width":1619,"height":1080,"url":"https:\/\/skycosmeticsgroup.com\/wp-content\/uploads\/2024\/01\/PEARL-BODY-CREAM.jpg","type":"image\/jpeg"}],"twitter_card":"summary_large_image","twitter_misc":{"Est. reading time":"2 minutes"},"schema":{"@context":"https:\/\/schema.org","@graph":[{"@type":"WebPage","@id":"https:\/\/skycosmeticsgroup.com\/en\/proizvod\/pearl-body-cream-200-ml\/","url":"https:\/\/skycosmeticsgroup.com\/en\/proizvod\/pearl-body-cream-200-ml\/","name":"PEARL BODY CREAM 200 ml - Sky Cosmetics Group","isPartOf":{"@id":"https:\/\/skycosmeticsgroup.com\/en\/#website"},"primaryImageOfPage":{"@id":"https:\/\/skycosmeticsgroup.com\/en\/proizvod\/pearl-body-cream-200-ml\/#primaryimage"},"image":{"@id":"https:\/\/skycosmeticsgroup.com\/en\/proizvod\/pearl-body-cream-200-ml\/#primaryimage"},"thumbnailUrl":"https:\/\/skycosmeticsgroup.com\/wp-content\/uploads\/2024\/01\/PEARL-BODY-CREAM.jpg","datePublished":"2024-01-12T21:05:10+00:00","dateModified":"2024-11-18T07:36:51+00:00","description":"The combination of nourishing oil, coenzyme Q10, allantoin and aloe vera regenerates the skin with the enchanting scent of patchouli, Bulgarian rose and orange blossom.","breadcrumb":{"@id":"https:\/\/skycosmeticsgroup.com\/en\/proizvod\/pearl-body-cream-200-ml\/#breadcrumb"},"inLanguage":"en-US","potentialAction":[{"@type":"ReadAction","target":["https:\/\/skycosmeticsgroup.com\/en\/proizvod\/pearl-body-cream-200-ml\/"]}]},{"@type":"ImageObject","inLanguage":"en-US","@id":"https:\/\/skycosmeticsgroup.com\/en\/proizvod\/pearl-body-cream-200-ml\/#primaryimage","url":"https:\/\/skycosmeticsgroup.com\/wp-content\/uploads\/2024\/01\/PEARL-BODY-CREAM.jpg","contentUrl":"https:\/\/skycosmeticsgroup.com\/wp-content\/uploads\/2024\/01\/PEARL-BODY-CREAM.jpg","width":1619,"height":1080},{"@type":"BreadcrumbList","@id":"https:\/\/skycosmeticsgroup.com\/en\/proizvod\/pearl-body-cream-200-ml\/#breadcrumb","itemListElement":[{"@type":"ListItem","position":1,"name":"Po\u010detna stranica","item":"https:\/\/skycosmeticsgroup.com\/en\/"},{"@type":"ListItem","position":2,"name":"Shop","item":"https:\/\/skycosmeticsgroup.com\/en\/shop\/"},{"@type":"ListItem","position":3,"name":"PEARL BODY CREAM 200 ml"}]},{"@type":"WebSite","@id":"https:\/\/skycosmeticsgroup.com\/en\/#website","url":"https:\/\/skycosmeticsgroup.com\/en\/","name":"Sky Cosmetics Group","description":"","publisher":{"@id":"https:\/\/skycosmeticsgroup.com\/en\/#organization"},"potentialAction":[{"@type":"SearchAction","target":{"@type":"EntryPoint","urlTemplate":"https:\/\/skycosmeticsgroup.com\/en\/?s={search_term_string}"},"query-input":"required name=search_term_string"}],"inLanguage":"en-US"},{"@type":"Organization","@id":"https:\/\/skycosmeticsgroup.com\/en\/#organization","name":"Sky Cosmetics Group","url":"https:\/\/skycosmeticsgroup.com\/en\/","logo":{"@type":"ImageObject","inLanguage":"en-US","@id":"https:\/\/skycosmeticsgroup.com\/en\/#\/schema\/logo\/image\/","url":"https:\/\/skycosmeticsgroup.com\/wp-content\/uploads\/2024\/01\/cropped-Sky-cosmetics-logotipi-u-boji-02-2.png","contentUrl":"https:\/\/skycosmeticsgroup.com\/wp-content\/uploads\/2024\/01\/cropped-Sky-cosmetics-logotipi-u-boji-02-2.png","width":512,"height":512,"caption":"Sky Cosmetics Group"},"image":{"@id":"https:\/\/skycosmeticsgroup.com\/en\/#\/schema\/logo\/image\/"}}]}},"_links":{"self":[{"href":"https:\/\/skycosmeticsgroup.com\/en\/wp-json\/wp\/v2\/product\/1826","targetHints":{"allow":["GET"]}}],"collection":[{"href":"https:\/\/skycosmeticsgroup.com\/en\/wp-json\/wp\/v2\/product"}],"about":[{"href":"https:\/\/skycosmeticsgroup.com\/en\/wp-json\/wp\/v2\/types\/product"}],"wp:featuredmedia":[{"embeddable":true,"href":"https:\/\/skycosmeticsgroup.com\/en\/wp-json\/wp\/v2\/media\/2110"}],"wp:attachment":[{"href":"https:\/\/skycosmeticsgroup.com\/en\/wp-json\/wp\/v2\/media?parent=1826"}],"wp:term":[{"taxonomy":"product_cat","embeddable":true,"href":"https:\/\/skycosmeticsgroup.com\/en\/wp-json\/wp\/v2\/product_cat?post=1826"},{"taxonomy":"product_tag","embeddable":true,"href":"https:\/\/skycosmeticsgroup.com\/en\/wp-json\/wp\/v2\/product_tag?post=1826"}],"curies":[{"name":"wp","href":"https:\/\/api.w.org\/{rel}","templated":true}]}}