{"id":1833,"date":"2024-01-12T22:19:30","date_gmt":"2024-01-12T21:19:30","guid":{"rendered":"https:\/\/skycosmeticsgroup.com\/proizvod\/ruby-shower-gel-250-ml\/"},"modified":"2024-10-23T17:17:29","modified_gmt":"2024-10-23T15:17:29","slug":"ruby-shower-gel-250-ml","status":"publish","type":"product","link":"https:\/\/skycosmeticsgroup.com\/en\/proizvod\/ruby-shower-gel-250-ml\/","title":{"rendered":"RUBY SHOWER GEL 250 ml"},"content":{"rendered":"<p><strong>* HR\/BIH *<\/strong> Ruby shower gel 250 ml * Fragrant shower gel gives the whole body a feeling of freshness and comfort * Usage: Apply the gel to moistened skin, massage gently and rinse thoroughly with water<\/p>\n<p><strong>* DE *<\/strong> Duschgel Rubin 250 ml * Das duftige Duschgel bietet dem ganzen K\u00f6rper Frische und Gem\u00fctlichkeit * Anwendung: Duschgel auf nasse Haut auftragen, sanft einmassieren und gr\u00fcndlich mit Wasser aussp\u00fclen<\/p>\n<p><strong>* EN *<\/strong> Ruby shower gel 250 ml * Scented shower gel gives a feeling of freshness and comfort to the whole body * Application: Apply gel to damp skin, massage gently and rinse thoroughly with water<\/p>\n<p><strong>* SLO *<\/strong> Shower gel Rubin 250 ml * Breathable shower gel wraps the whole body in a feeling of freshness and comfort * Usage: apply the gel to damp skin, rub it in gently and rinse thoroughly with water<\/p>\n<p><strong>* SR *<\/strong> Ruby shower gel 250 ml * Scented shower gel gives the whole body a feeling of freshness and pleasantness * Use: Apply the gel to damp skin, massage gently and rinse thoroughly with water.<\/p>\n","protected":false},"excerpt":{"rendered":"<p>fiery strong, floral oriental fragrance, enriched with amber, tuberose and ylang-ylang<\/p>\n<p>Fragrant shower gel enriched with wheat germ extract and panthenol makes the skin hydrated and soft.<\/p>\n<p>* Get a free candle with the purchase of 3 or more products.<\/p>\n","protected":false},"featured_media":2096,"template":"","meta":[],"product_cat":[50,55,71],"product_tag":[],"class_list":{"0":"post-1833","1":"product","2":"type-product","3":"status-publish","4":"has-post-thumbnail","6":"product_cat-shop-en","7":"product_cat-shower-gel-en","8":"product_cat-the-ruby-collection","10":"first","11":"instock","12":"shipping-taxable","13":"purchasable","14":"product-type-simple"},"yoast_head":"<!-- This site is optimized with the Yoast SEO plugin v23.0 - https:\/\/yoast.com\/wordpress\/plugins\/seo\/ -->\n<title>RUBY SHOWER GEL 250 ml - Sky Cosmetics Group<\/title>\n<meta name=\"description\" content=\"Fragrant shower gel with wheat germ extract and panthenol provides hydration and tenderness. Enjoy the luxurious scent of ambergris, tuberose and ylang-ylang.\" \/>\n<meta name=\"robots\" content=\"index, follow, max-snippet:-1, max-image-preview:large, max-video-preview:-1\" \/>\n<link rel=\"canonical\" href=\"https:\/\/skycosmeticsgroup.com\/en\/proizvod\/ruby-shower-gel-250-ml\/\" \/>\n<meta property=\"og:locale\" content=\"en_US\" \/>\n<meta property=\"og:type\" content=\"article\" \/>\n<meta property=\"og:title\" content=\"RUBY SHOWER GEL 250 ml - Sky Cosmetics Group\" \/>\n<meta property=\"og:description\" content=\"Fragrant shower gel with wheat germ extract and panthenol provides hydration and tenderness. Enjoy the luxurious scent of ambergris, tuberose and ylang-ylang.\" \/>\n<meta property=\"og:url\" content=\"https:\/\/skycosmeticsgroup.com\/en\/proizvod\/ruby-shower-gel-250-ml\/\" \/>\n<meta property=\"og:site_name\" content=\"Sky Cosmetics Group\" \/>\n<meta property=\"article:modified_time\" content=\"2024-10-23T15:17:29+00:00\" \/>\n<meta property=\"og:image\" content=\"https:\/\/skycosmeticsgroup.com\/wp-content\/uploads\/2024\/01\/RUBY-SHOWER-GEL.jpg\" \/>\n\t<meta property=\"og:image:width\" content=\"559\" \/>\n\t<meta property=\"og:image:height\" content=\"838\" \/>\n\t<meta property=\"og:image:type\" content=\"image\/jpeg\" \/>\n<meta name=\"twitter:card\" content=\"summary_large_image\" \/>\n<meta name=\"twitter:label1\" content=\"Est. reading time\" \/>\n\t<meta name=\"twitter:data1\" content=\"2 minutes\" \/>\n<script type=\"application\/ld+json\" class=\"yoast-schema-graph\">{\"@context\":\"https:\/\/schema.org\",\"@graph\":[{\"@type\":\"WebPage\",\"@id\":\"https:\/\/skycosmeticsgroup.com\/en\/proizvod\/ruby-shower-gel-250-ml\/\",\"url\":\"https:\/\/skycosmeticsgroup.com\/en\/proizvod\/ruby-shower-gel-250-ml\/\",\"name\":\"RUBY SHOWER GEL 250 ml - Sky Cosmetics Group\",\"isPartOf\":{\"@id\":\"https:\/\/skycosmeticsgroup.com\/en\/#website\"},\"primaryImageOfPage\":{\"@id\":\"https:\/\/skycosmeticsgroup.com\/en\/proizvod\/ruby-shower-gel-250-ml\/#primaryimage\"},\"image\":{\"@id\":\"https:\/\/skycosmeticsgroup.com\/en\/proizvod\/ruby-shower-gel-250-ml\/#primaryimage\"},\"thumbnailUrl\":\"https:\/\/skycosmeticsgroup.com\/wp-content\/uploads\/2024\/01\/RUBY-SHOWER-GEL.jpg\",\"datePublished\":\"2024-01-12T21:19:30+00:00\",\"dateModified\":\"2024-10-23T15:17:29+00:00\",\"description\":\"Fragrant shower gel with wheat germ extract and panthenol provides hydration and tenderness. Enjoy the luxurious scent of ambergris, tuberose and ylang-ylang.\",\"breadcrumb\":{\"@id\":\"https:\/\/skycosmeticsgroup.com\/en\/proizvod\/ruby-shower-gel-250-ml\/#breadcrumb\"},\"inLanguage\":\"en-US\",\"potentialAction\":[{\"@type\":\"ReadAction\",\"target\":[\"https:\/\/skycosmeticsgroup.com\/en\/proizvod\/ruby-shower-gel-250-ml\/\"]}]},{\"@type\":\"ImageObject\",\"inLanguage\":\"en-US\",\"@id\":\"https:\/\/skycosmeticsgroup.com\/en\/proizvod\/ruby-shower-gel-250-ml\/#primaryimage\",\"url\":\"https:\/\/skycosmeticsgroup.com\/wp-content\/uploads\/2024\/01\/RUBY-SHOWER-GEL.jpg\",\"contentUrl\":\"https:\/\/skycosmeticsgroup.com\/wp-content\/uploads\/2024\/01\/RUBY-SHOWER-GEL.jpg\",\"width\":559,\"height\":838},{\"@type\":\"BreadcrumbList\",\"@id\":\"https:\/\/skycosmeticsgroup.com\/en\/proizvod\/ruby-shower-gel-250-ml\/#breadcrumb\",\"itemListElement\":[{\"@type\":\"ListItem\",\"position\":1,\"name\":\"Po\u010detna stranica\",\"item\":\"https:\/\/skycosmeticsgroup.com\/en\/\"},{\"@type\":\"ListItem\",\"position\":2,\"name\":\"Shop\",\"item\":\"https:\/\/skycosmeticsgroup.com\/en\/shop\/\"},{\"@type\":\"ListItem\",\"position\":3,\"name\":\"RUBY SHOWER GEL 250 ml\"}]},{\"@type\":\"WebSite\",\"@id\":\"https:\/\/skycosmeticsgroup.com\/en\/#website\",\"url\":\"https:\/\/skycosmeticsgroup.com\/en\/\",\"name\":\"Sky Cosmetics Group\",\"description\":\"\",\"publisher\":{\"@id\":\"https:\/\/skycosmeticsgroup.com\/en\/#organization\"},\"potentialAction\":[{\"@type\":\"SearchAction\",\"target\":{\"@type\":\"EntryPoint\",\"urlTemplate\":\"https:\/\/skycosmeticsgroup.com\/en\/?s={search_term_string}\"},\"query-input\":\"required name=search_term_string\"}],\"inLanguage\":\"en-US\"},{\"@type\":\"Organization\",\"@id\":\"https:\/\/skycosmeticsgroup.com\/en\/#organization\",\"name\":\"Sky Cosmetics Group\",\"url\":\"https:\/\/skycosmeticsgroup.com\/en\/\",\"logo\":{\"@type\":\"ImageObject\",\"inLanguage\":\"en-US\",\"@id\":\"https:\/\/skycosmeticsgroup.com\/en\/#\/schema\/logo\/image\/\",\"url\":\"https:\/\/skycosmeticsgroup.com\/wp-content\/uploads\/2024\/01\/cropped-Sky-cosmetics-logotipi-u-boji-02-2.png\",\"contentUrl\":\"https:\/\/skycosmeticsgroup.com\/wp-content\/uploads\/2024\/01\/cropped-Sky-cosmetics-logotipi-u-boji-02-2.png\",\"width\":512,\"height\":512,\"caption\":\"Sky Cosmetics Group\"},\"image\":{\"@id\":\"https:\/\/skycosmeticsgroup.com\/en\/#\/schema\/logo\/image\/\"}}]}<\/script>\n<!-- \/ Yoast SEO plugin. -->","yoast_head_json":{"title":"RUBY SHOWER GEL 250 ml - Sky Cosmetics Group","description":"Fragrant shower gel with wheat germ extract and panthenol provides hydration and tenderness. Enjoy the luxurious scent of ambergris, tuberose and ylang-ylang.","robots":{"index":"index","follow":"follow","max-snippet":"max-snippet:-1","max-image-preview":"max-image-preview:large","max-video-preview":"max-video-preview:-1"},"canonical":"https:\/\/skycosmeticsgroup.com\/en\/proizvod\/ruby-shower-gel-250-ml\/","og_locale":"en_US","og_type":"article","og_title":"RUBY SHOWER GEL 250 ml - Sky Cosmetics Group","og_description":"Fragrant shower gel with wheat germ extract and panthenol provides hydration and tenderness. Enjoy the luxurious scent of ambergris, tuberose and ylang-ylang.","og_url":"https:\/\/skycosmeticsgroup.com\/en\/proizvod\/ruby-shower-gel-250-ml\/","og_site_name":"Sky Cosmetics Group","article_modified_time":"2024-10-23T15:17:29+00:00","og_image":[{"width":559,"height":838,"url":"https:\/\/skycosmeticsgroup.com\/wp-content\/uploads\/2024\/01\/RUBY-SHOWER-GEL.jpg","type":"image\/jpeg"}],"twitter_card":"summary_large_image","twitter_misc":{"Est. reading time":"2 minutes"},"schema":{"@context":"https:\/\/schema.org","@graph":[{"@type":"WebPage","@id":"https:\/\/skycosmeticsgroup.com\/en\/proizvod\/ruby-shower-gel-250-ml\/","url":"https:\/\/skycosmeticsgroup.com\/en\/proizvod\/ruby-shower-gel-250-ml\/","name":"RUBY SHOWER GEL 250 ml - Sky Cosmetics Group","isPartOf":{"@id":"https:\/\/skycosmeticsgroup.com\/en\/#website"},"primaryImageOfPage":{"@id":"https:\/\/skycosmeticsgroup.com\/en\/proizvod\/ruby-shower-gel-250-ml\/#primaryimage"},"image":{"@id":"https:\/\/skycosmeticsgroup.com\/en\/proizvod\/ruby-shower-gel-250-ml\/#primaryimage"},"thumbnailUrl":"https:\/\/skycosmeticsgroup.com\/wp-content\/uploads\/2024\/01\/RUBY-SHOWER-GEL.jpg","datePublished":"2024-01-12T21:19:30+00:00","dateModified":"2024-10-23T15:17:29+00:00","description":"Fragrant shower gel with wheat germ extract and panthenol provides hydration and tenderness. Enjoy the luxurious scent of ambergris, tuberose and ylang-ylang.","breadcrumb":{"@id":"https:\/\/skycosmeticsgroup.com\/en\/proizvod\/ruby-shower-gel-250-ml\/#breadcrumb"},"inLanguage":"en-US","potentialAction":[{"@type":"ReadAction","target":["https:\/\/skycosmeticsgroup.com\/en\/proizvod\/ruby-shower-gel-250-ml\/"]}]},{"@type":"ImageObject","inLanguage":"en-US","@id":"https:\/\/skycosmeticsgroup.com\/en\/proizvod\/ruby-shower-gel-250-ml\/#primaryimage","url":"https:\/\/skycosmeticsgroup.com\/wp-content\/uploads\/2024\/01\/RUBY-SHOWER-GEL.jpg","contentUrl":"https:\/\/skycosmeticsgroup.com\/wp-content\/uploads\/2024\/01\/RUBY-SHOWER-GEL.jpg","width":559,"height":838},{"@type":"BreadcrumbList","@id":"https:\/\/skycosmeticsgroup.com\/en\/proizvod\/ruby-shower-gel-250-ml\/#breadcrumb","itemListElement":[{"@type":"ListItem","position":1,"name":"Po\u010detna stranica","item":"https:\/\/skycosmeticsgroup.com\/en\/"},{"@type":"ListItem","position":2,"name":"Shop","item":"https:\/\/skycosmeticsgroup.com\/en\/shop\/"},{"@type":"ListItem","position":3,"name":"RUBY SHOWER GEL 250 ml"}]},{"@type":"WebSite","@id":"https:\/\/skycosmeticsgroup.com\/en\/#website","url":"https:\/\/skycosmeticsgroup.com\/en\/","name":"Sky Cosmetics Group","description":"","publisher":{"@id":"https:\/\/skycosmeticsgroup.com\/en\/#organization"},"potentialAction":[{"@type":"SearchAction","target":{"@type":"EntryPoint","urlTemplate":"https:\/\/skycosmeticsgroup.com\/en\/?s={search_term_string}"},"query-input":"required name=search_term_string"}],"inLanguage":"en-US"},{"@type":"Organization","@id":"https:\/\/skycosmeticsgroup.com\/en\/#organization","name":"Sky Cosmetics Group","url":"https:\/\/skycosmeticsgroup.com\/en\/","logo":{"@type":"ImageObject","inLanguage":"en-US","@id":"https:\/\/skycosmeticsgroup.com\/en\/#\/schema\/logo\/image\/","url":"https:\/\/skycosmeticsgroup.com\/wp-content\/uploads\/2024\/01\/cropped-Sky-cosmetics-logotipi-u-boji-02-2.png","contentUrl":"https:\/\/skycosmeticsgroup.com\/wp-content\/uploads\/2024\/01\/cropped-Sky-cosmetics-logotipi-u-boji-02-2.png","width":512,"height":512,"caption":"Sky Cosmetics Group"},"image":{"@id":"https:\/\/skycosmeticsgroup.com\/en\/#\/schema\/logo\/image\/"}}]}},"_links":{"self":[{"href":"https:\/\/skycosmeticsgroup.com\/en\/wp-json\/wp\/v2\/product\/1833","targetHints":{"allow":["GET"]}}],"collection":[{"href":"https:\/\/skycosmeticsgroup.com\/en\/wp-json\/wp\/v2\/product"}],"about":[{"href":"https:\/\/skycosmeticsgroup.com\/en\/wp-json\/wp\/v2\/types\/product"}],"wp:featuredmedia":[{"embeddable":true,"href":"https:\/\/skycosmeticsgroup.com\/en\/wp-json\/wp\/v2\/media\/2096"}],"wp:attachment":[{"href":"https:\/\/skycosmeticsgroup.com\/en\/wp-json\/wp\/v2\/media?parent=1833"}],"wp:term":[{"taxonomy":"product_cat","embeddable":true,"href":"https:\/\/skycosmeticsgroup.com\/en\/wp-json\/wp\/v2\/product_cat?post=1833"},{"taxonomy":"product_tag","embeddable":true,"href":"https:\/\/skycosmeticsgroup.com\/en\/wp-json\/wp\/v2\/product_tag?post=1833"}],"curies":[{"name":"wp","href":"https:\/\/api.w.org\/{rel}","templated":true}]}}