{"id":1837,"date":"2024-01-16T22:37:40","date_gmt":"2024-01-16T21:37:40","guid":{"rendered":"https:\/\/skycosmeticsgroup.com\/proizvod\/gift-set-premium-emerald\/"},"modified":"2024-09-18T17:29:07","modified_gmt":"2024-09-18T15:29:07","slug":"gift-set-premium-emerald","status":"publish","type":"product","link":"https:\/\/skycosmeticsgroup.com\/en\/proizvod\/gift-set-premium-emerald\/","title":{"rendered":"GIFT SET PREMIUM EMERALD"},"content":{"rendered":"<p><strong>EMERALD DRY BODY OIL 100 ml<\/strong><\/p>\n<p><strong>* HR\/BIH *<\/strong> Smaragd dry oil 100 ml * Fragrant dry oil hydrates the whole body * Usage: Apply a small amount of dry oil to the skin of the body or to the length of the hair<br \/>\n<strong>* DE *<\/strong> Trocken\u00f6l Smaragd 100 ml * Das duftige Trocken\u00f6l spendet Feuchtigkeit f\u00fcr den ganzen K\u00f6rper * Anwendung: Eine kleine Menge des Trocken\u00f6l auf die K\u00f6rperhaut oder Haare auftragen<br \/>\n<strong>* EN *<\/strong> Emerald dry body oil 100 ml * Scented dry oil hydrates the whole body * Application: Apply a small amount of dry oil to your body, face or the length of your hair<br \/>\n<strong>* SLO *<\/strong> Smaragd dry oil 100 ml * Breathable dry oil moisturizes the whole body * Use: apply a small amount of dry oil to the skin of the body, but along the length of the hair<br \/>\n<strong>* SR *<\/strong> Smaragd dry oil 100 ml * Fragrant dry oil hydrates the whole body * Use: Apply a small amount of dry oil to the skin of the body or to the length of the hair.<\/p>\n<p>&nbsp;<\/p>\n<p><strong>EMERALD HAND CREAM 50 ml<\/strong><\/p>\n<p><strong>* HR\/BIH *<\/strong> Smaragd hand cream 50 ml * Fragrant hand cream protects and hydrates the skin * Usage: Apply the cream several times a day after washing your hands<br \/>\n<strong>* DE *<\/strong> Handcreme Smaragd 50 ml * Die duftige Handcreme bietet der Haut Schutz und Feuchtigkeit * Anwendung: Handcreme mehrmals t\u00e4glich nach dem H\u00e4ndewaschen auftragen<br \/>\n<strong>* EN *<\/strong> Emerald hand cream 50 ml * Scented hand cream protects and hydrates the skin * Application: Apply cream multiple times a day after washing your hands<br \/>\n<strong>* SLO *<\/strong> Smaragd hand cream 50 ml * Breathable hand cream protects and moisturizes the skin. * Use: apply the cream several times a day, after washing<br \/>\n<strong>* SR *<\/strong> Smaragd hand cream 50 ml * Fragrant hand cream protects and hydrates the skin * Use: Apply the cream several times a day after washing your hands.<\/p>\n","protected":false},"excerpt":{"rendered":"<p>floral warm fragrance, erotic flowers and warm sun, enriched with coconut, vanilla and jasmine<\/p>\n<p>Gift set premium Emerald contains:<br \/>\nEMERALD DRY BODY OIL 100 ml<br \/>\nEMERALD HAND CREAM 50 ml<\/p>\n<p>* Get a free candle with the purchase of 3 or more products.<\/p>\n","protected":false},"featured_media":2084,"template":"","meta":[],"product_cat":[51,52,72],"product_tag":[],"class_list":{"0":"post-1837","1":"product","2":"type-product","3":"status-publish","4":"has-post-thumbnail","6":"product_cat-gift-set-en","7":"product_cat-gift-set-premium-en","8":"product_cat-the-emerald-collection","10":"first","11":"instock","12":"shipping-taxable","13":"purchasable","14":"product-type-simple"},"yoast_head":"<!-- This site is optimized with the Yoast SEO plugin v23.0 - https:\/\/yoast.com\/wordpress\/plugins\/seo\/ -->\n<title>GIFT SET PREMIUM EMERALD - Sky Cosmetics Group<\/title>\n<meta name=\"description\" content=\"The luxurious combination of dry body oil and hand cream provides your skin with irresistible hydration and the enchanting scent of coconut, vanilla and jasmine.\" \/>\n<meta name=\"robots\" content=\"index, follow, max-snippet:-1, max-image-preview:large, max-video-preview:-1\" \/>\n<link rel=\"canonical\" href=\"https:\/\/skycosmeticsgroup.com\/en\/proizvod\/gift-set-premium-emerald\/\" \/>\n<meta property=\"og:locale\" content=\"en_US\" \/>\n<meta property=\"og:type\" content=\"article\" \/>\n<meta property=\"og:title\" content=\"GIFT SET PREMIUM EMERALD - Sky Cosmetics Group\" \/>\n<meta property=\"og:description\" content=\"The luxurious combination of dry body oil and hand cream provides your skin with irresistible hydration and the enchanting scent of coconut, vanilla and jasmine.\" \/>\n<meta property=\"og:url\" content=\"https:\/\/skycosmeticsgroup.com\/en\/proizvod\/gift-set-premium-emerald\/\" \/>\n<meta property=\"og:site_name\" content=\"Sky Cosmetics Group\" \/>\n<meta property=\"article:modified_time\" content=\"2024-09-18T15:29:07+00:00\" \/>\n<meta property=\"og:image\" content=\"https:\/\/skycosmeticsgroup.com\/wp-content\/uploads\/2024\/01\/GIFT-SET-EMERALD-PREMIUM-2.jpg\" \/>\n\t<meta property=\"og:image:width\" content=\"1619\" \/>\n\t<meta property=\"og:image:height\" content=\"1080\" \/>\n\t<meta property=\"og:image:type\" content=\"image\/jpeg\" \/>\n<meta name=\"twitter:card\" content=\"summary_large_image\" \/>\n<meta name=\"twitter:label1\" content=\"Est. reading time\" \/>\n\t<meta name=\"twitter:data1\" content=\"3 minutes\" \/>\n<script type=\"application\/ld+json\" class=\"yoast-schema-graph\">{\"@context\":\"https:\/\/schema.org\",\"@graph\":[{\"@type\":\"WebPage\",\"@id\":\"https:\/\/skycosmeticsgroup.com\/en\/proizvod\/gift-set-premium-emerald\/\",\"url\":\"https:\/\/skycosmeticsgroup.com\/en\/proizvod\/gift-set-premium-emerald\/\",\"name\":\"GIFT SET PREMIUM EMERALD - Sky Cosmetics Group\",\"isPartOf\":{\"@id\":\"https:\/\/skycosmeticsgroup.com\/en\/#website\"},\"primaryImageOfPage\":{\"@id\":\"https:\/\/skycosmeticsgroup.com\/en\/proizvod\/gift-set-premium-emerald\/#primaryimage\"},\"image\":{\"@id\":\"https:\/\/skycosmeticsgroup.com\/en\/proizvod\/gift-set-premium-emerald\/#primaryimage\"},\"thumbnailUrl\":\"https:\/\/skycosmeticsgroup.com\/wp-content\/uploads\/2024\/01\/GIFT-SET-EMERALD-PREMIUM-2.jpg\",\"datePublished\":\"2024-01-16T21:37:40+00:00\",\"dateModified\":\"2024-09-18T15:29:07+00:00\",\"description\":\"The luxurious combination of dry body oil and hand cream provides your skin with irresistible hydration and the enchanting scent of coconut, vanilla and jasmine.\",\"breadcrumb\":{\"@id\":\"https:\/\/skycosmeticsgroup.com\/en\/proizvod\/gift-set-premium-emerald\/#breadcrumb\"},\"inLanguage\":\"en-US\",\"potentialAction\":[{\"@type\":\"ReadAction\",\"target\":[\"https:\/\/skycosmeticsgroup.com\/en\/proizvod\/gift-set-premium-emerald\/\"]}]},{\"@type\":\"ImageObject\",\"inLanguage\":\"en-US\",\"@id\":\"https:\/\/skycosmeticsgroup.com\/en\/proizvod\/gift-set-premium-emerald\/#primaryimage\",\"url\":\"https:\/\/skycosmeticsgroup.com\/wp-content\/uploads\/2024\/01\/GIFT-SET-EMERALD-PREMIUM-2.jpg\",\"contentUrl\":\"https:\/\/skycosmeticsgroup.com\/wp-content\/uploads\/2024\/01\/GIFT-SET-EMERALD-PREMIUM-2.jpg\",\"width\":1619,\"height\":1080},{\"@type\":\"BreadcrumbList\",\"@id\":\"https:\/\/skycosmeticsgroup.com\/en\/proizvod\/gift-set-premium-emerald\/#breadcrumb\",\"itemListElement\":[{\"@type\":\"ListItem\",\"position\":1,\"name\":\"Po\u010detna stranica\",\"item\":\"https:\/\/skycosmeticsgroup.com\/en\/\"},{\"@type\":\"ListItem\",\"position\":2,\"name\":\"Shop\",\"item\":\"https:\/\/skycosmeticsgroup.com\/en\/shop\/\"},{\"@type\":\"ListItem\",\"position\":3,\"name\":\"GIFT SET PREMIUM EMERALD\"}]},{\"@type\":\"WebSite\",\"@id\":\"https:\/\/skycosmeticsgroup.com\/en\/#website\",\"url\":\"https:\/\/skycosmeticsgroup.com\/en\/\",\"name\":\"Sky Cosmetics Group\",\"description\":\"\",\"publisher\":{\"@id\":\"https:\/\/skycosmeticsgroup.com\/en\/#organization\"},\"potentialAction\":[{\"@type\":\"SearchAction\",\"target\":{\"@type\":\"EntryPoint\",\"urlTemplate\":\"https:\/\/skycosmeticsgroup.com\/en\/?s={search_term_string}\"},\"query-input\":\"required name=search_term_string\"}],\"inLanguage\":\"en-US\"},{\"@type\":\"Organization\",\"@id\":\"https:\/\/skycosmeticsgroup.com\/en\/#organization\",\"name\":\"Sky Cosmetics Group\",\"url\":\"https:\/\/skycosmeticsgroup.com\/en\/\",\"logo\":{\"@type\":\"ImageObject\",\"inLanguage\":\"en-US\",\"@id\":\"https:\/\/skycosmeticsgroup.com\/en\/#\/schema\/logo\/image\/\",\"url\":\"https:\/\/skycosmeticsgroup.com\/wp-content\/uploads\/2024\/01\/cropped-Sky-cosmetics-logotipi-u-boji-02-2.png\",\"contentUrl\":\"https:\/\/skycosmeticsgroup.com\/wp-content\/uploads\/2024\/01\/cropped-Sky-cosmetics-logotipi-u-boji-02-2.png\",\"width\":512,\"height\":512,\"caption\":\"Sky Cosmetics Group\"},\"image\":{\"@id\":\"https:\/\/skycosmeticsgroup.com\/en\/#\/schema\/logo\/image\/\"}}]}<\/script>\n<!-- \/ Yoast SEO plugin. -->","yoast_head_json":{"title":"GIFT SET PREMIUM EMERALD - Sky Cosmetics Group","description":"The luxurious combination of dry body oil and hand cream provides your skin with irresistible hydration and the enchanting scent of coconut, vanilla and jasmine.","robots":{"index":"index","follow":"follow","max-snippet":"max-snippet:-1","max-image-preview":"max-image-preview:large","max-video-preview":"max-video-preview:-1"},"canonical":"https:\/\/skycosmeticsgroup.com\/en\/proizvod\/gift-set-premium-emerald\/","og_locale":"en_US","og_type":"article","og_title":"GIFT SET PREMIUM EMERALD - Sky Cosmetics Group","og_description":"The luxurious combination of dry body oil and hand cream provides your skin with irresistible hydration and the enchanting scent of coconut, vanilla and jasmine.","og_url":"https:\/\/skycosmeticsgroup.com\/en\/proizvod\/gift-set-premium-emerald\/","og_site_name":"Sky Cosmetics Group","article_modified_time":"2024-09-18T15:29:07+00:00","og_image":[{"width":1619,"height":1080,"url":"https:\/\/skycosmeticsgroup.com\/wp-content\/uploads\/2024\/01\/GIFT-SET-EMERALD-PREMIUM-2.jpg","type":"image\/jpeg"}],"twitter_card":"summary_large_image","twitter_misc":{"Est. reading time":"3 minutes"},"schema":{"@context":"https:\/\/schema.org","@graph":[{"@type":"WebPage","@id":"https:\/\/skycosmeticsgroup.com\/en\/proizvod\/gift-set-premium-emerald\/","url":"https:\/\/skycosmeticsgroup.com\/en\/proizvod\/gift-set-premium-emerald\/","name":"GIFT SET PREMIUM EMERALD - Sky Cosmetics Group","isPartOf":{"@id":"https:\/\/skycosmeticsgroup.com\/en\/#website"},"primaryImageOfPage":{"@id":"https:\/\/skycosmeticsgroup.com\/en\/proizvod\/gift-set-premium-emerald\/#primaryimage"},"image":{"@id":"https:\/\/skycosmeticsgroup.com\/en\/proizvod\/gift-set-premium-emerald\/#primaryimage"},"thumbnailUrl":"https:\/\/skycosmeticsgroup.com\/wp-content\/uploads\/2024\/01\/GIFT-SET-EMERALD-PREMIUM-2.jpg","datePublished":"2024-01-16T21:37:40+00:00","dateModified":"2024-09-18T15:29:07+00:00","description":"The luxurious combination of dry body oil and hand cream provides your skin with irresistible hydration and the enchanting scent of coconut, vanilla and jasmine.","breadcrumb":{"@id":"https:\/\/skycosmeticsgroup.com\/en\/proizvod\/gift-set-premium-emerald\/#breadcrumb"},"inLanguage":"en-US","potentialAction":[{"@type":"ReadAction","target":["https:\/\/skycosmeticsgroup.com\/en\/proizvod\/gift-set-premium-emerald\/"]}]},{"@type":"ImageObject","inLanguage":"en-US","@id":"https:\/\/skycosmeticsgroup.com\/en\/proizvod\/gift-set-premium-emerald\/#primaryimage","url":"https:\/\/skycosmeticsgroup.com\/wp-content\/uploads\/2024\/01\/GIFT-SET-EMERALD-PREMIUM-2.jpg","contentUrl":"https:\/\/skycosmeticsgroup.com\/wp-content\/uploads\/2024\/01\/GIFT-SET-EMERALD-PREMIUM-2.jpg","width":1619,"height":1080},{"@type":"BreadcrumbList","@id":"https:\/\/skycosmeticsgroup.com\/en\/proizvod\/gift-set-premium-emerald\/#breadcrumb","itemListElement":[{"@type":"ListItem","position":1,"name":"Po\u010detna stranica","item":"https:\/\/skycosmeticsgroup.com\/en\/"},{"@type":"ListItem","position":2,"name":"Shop","item":"https:\/\/skycosmeticsgroup.com\/en\/shop\/"},{"@type":"ListItem","position":3,"name":"GIFT SET PREMIUM EMERALD"}]},{"@type":"WebSite","@id":"https:\/\/skycosmeticsgroup.com\/en\/#website","url":"https:\/\/skycosmeticsgroup.com\/en\/","name":"Sky Cosmetics Group","description":"","publisher":{"@id":"https:\/\/skycosmeticsgroup.com\/en\/#organization"},"potentialAction":[{"@type":"SearchAction","target":{"@type":"EntryPoint","urlTemplate":"https:\/\/skycosmeticsgroup.com\/en\/?s={search_term_string}"},"query-input":"required name=search_term_string"}],"inLanguage":"en-US"},{"@type":"Organization","@id":"https:\/\/skycosmeticsgroup.com\/en\/#organization","name":"Sky Cosmetics Group","url":"https:\/\/skycosmeticsgroup.com\/en\/","logo":{"@type":"ImageObject","inLanguage":"en-US","@id":"https:\/\/skycosmeticsgroup.com\/en\/#\/schema\/logo\/image\/","url":"https:\/\/skycosmeticsgroup.com\/wp-content\/uploads\/2024\/01\/cropped-Sky-cosmetics-logotipi-u-boji-02-2.png","contentUrl":"https:\/\/skycosmeticsgroup.com\/wp-content\/uploads\/2024\/01\/cropped-Sky-cosmetics-logotipi-u-boji-02-2.png","width":512,"height":512,"caption":"Sky Cosmetics Group"},"image":{"@id":"https:\/\/skycosmeticsgroup.com\/en\/#\/schema\/logo\/image\/"}}]}},"_links":{"self":[{"href":"https:\/\/skycosmeticsgroup.com\/en\/wp-json\/wp\/v2\/product\/1837","targetHints":{"allow":["GET"]}}],"collection":[{"href":"https:\/\/skycosmeticsgroup.com\/en\/wp-json\/wp\/v2\/product"}],"about":[{"href":"https:\/\/skycosmeticsgroup.com\/en\/wp-json\/wp\/v2\/types\/product"}],"wp:featuredmedia":[{"embeddable":true,"href":"https:\/\/skycosmeticsgroup.com\/en\/wp-json\/wp\/v2\/media\/2084"}],"wp:attachment":[{"href":"https:\/\/skycosmeticsgroup.com\/en\/wp-json\/wp\/v2\/media?parent=1837"}],"wp:term":[{"taxonomy":"product_cat","embeddable":true,"href":"https:\/\/skycosmeticsgroup.com\/en\/wp-json\/wp\/v2\/product_cat?post=1837"},{"taxonomy":"product_tag","embeddable":true,"href":"https:\/\/skycosmeticsgroup.com\/en\/wp-json\/wp\/v2\/product_tag?post=1837"}],"curies":[{"name":"wp","href":"https:\/\/api.w.org\/{rel}","templated":true}]}}