{"id":2148,"date":"2024-05-02T16:00:43","date_gmt":"2024-05-02T14:00:43","guid":{"rendered":"https:\/\/skycosmeticsgroup.com\/proizvod\/gift-set-diamond-sapphire\/"},"modified":"2024-09-18T17:06:41","modified_gmt":"2024-09-18T15:06:41","slug":"gift-set-diamond-sapphire","status":"publish","type":"product","link":"https:\/\/skycosmeticsgroup.com\/en\/proizvod\/gift-set-diamond-sapphire\/","title":{"rendered":"GIFT SET DIAMOND SAPPHIRE"},"content":{"rendered":"<p><strong>SAPPHIRE HAND CREAM 50 ml<\/strong><\/p>\n<p>* HR\/BIH * Saphir hand cream 50 ml * Fragrant hand cream protects and hydrates the skin * Use: Apply the cream several times a day after washing your hands * DE * Handcreme Saphir 50 ml * Die duftige Handcreme bietet der Haut Schutz und Feuchtigkeit * Anwendung : Handcreme mehrmals t\u00e4glich nach dem H\u00e4ndewaschen auftragen * EN * Sapphire hand cream 50 ml * Scented hand cream protects and hydrates the skin * Application: Apply cream multiple times a day after washing your hands * SLO * Sapphire hand cream 50 ml * Breathing cream for the hands, it protects and moisturizes the skin * Use: apply the cream several times a day, after washing the skin * SR * Sapphire hand cream 50 ml * Fragrant hand cream protects and hydrates the skin * Use: Apply the cream several times a day after washing your hands.<\/p>\n<p><strong><br \/>\nSAPPHIRE BODY CREAM 200 ml<\/strong><\/p>\n<p>HR\/BIH * Sapphire body cream 200 ml * Fragrant and revitalizing cream for the care of the whole body *<\/p>\n<p>Use: Apply the cream to clean body skin and massage gently * DE * K\u00f6rpercreme Saphir 200 ml * Eine duftige und wiederbelebende Creme f\u00fcr ganzheitliche K\u00f6rperpflege * Anwendung: Die Creme auf saubere K\u00f6rperhaut auftragen und sanft einmassieren * EN * Sapphire body cream 200 ml * Scented and revitalizing cream for complete body care * Application: Apply cream to clean body skin and massage gently * SLO * Body cream Safir 200 ml * Breathing and revitalizing cream for the whole body * Usage: Apply the cream to clean body skin and gently rub in * SR * Sapphire body cream 200 ml * Fragrant and revitalizing cream for the care of the whole body * Use: Apply the cream to clean body skin and gently massage.<\/p>\n<p><strong>SAPPHIRE BODY MIST 150 ml<\/strong><\/p>\n<p>* HR\/BIH * Saphir Body Mist 150 ml * Perfumed water leaves an irresistible trail of fragrance and freshness on the whole body * Usage: Apply evenly from a distance of 10 cm all over the body, avoiding the face area * DE * K\u00f6rperparfum Saphir 150 ml * Das Duftwasser hinterl\u00e4sst eine unwiderstehliche Duft-und Frischespur auf dem ganzen K\u00f6rper *<\/p>\n<p>Anwendung: Gleichm\u00e4\u00dfig auf den ganzen K\u00f6rper aus 10 cm Entfernung auftragen, dabei das Gesicht verminden * EN * Sapphire body mist 150 ml * Perfume water leaves an irresistible trace of fragrance and freshness all over the body * Application: Apply evenly over the whole body from 10 cm away, avoiding the facial area. Avoid the area of \u200b\u200bthe cheeks * SR * Sapphire body fragrance 150 ml * Perfumed water leaves an irresistible trail of fragrance and freshness on the whole body * Usage: Apply evenly from a distance of 10 cm all over the body, avoiding the face area.<\/p>\n","protected":false},"excerpt":{"rendered":"<section class=\"elementor-section elementor-top-section elementor-element elementor-element-1e399351 elementor-section-boxed elementor-section-height-default elementor-section-height-default\" data-id=\"1e399351\" data-element_type=\"section\" data-settings=\"{&quot;background_background&quot;:&quot;classic&quot;}\">\n<div class=\"elementor-container elementor-column-gap-default\">\n<div class=\"elementor-column elementor-col-100 elementor-top-column elementor-element elementor-element-1ca76ff3\" data-id=\"1ca76ff3\" data-element_type=\"column\">\n<div class=\"elementor-widget-wrap elementor-element-populated\">\n<div class=\"elementor-element elementor-element-1fb6a575 animated-fast elementor-widget elementor-widget-text-editor animated fadeInUp\" data-id=\"1fb6a575\" data-element_type=\"widget\" data-settings=\"{&quot;_animation&quot;:&quot;fadeInUp&quot;,&quot;_animation_delay&quot;:200}\" data-widget_type=\"text-editor.default\">\n<div class=\"elementor-widget-container\">\n<p>the scent of pure nature, amber trees and the endless sea, enriched with a bouquet of white flowers and cashmere<\/p>\n<\/div>\n<\/div>\n<\/div>\n<\/div>\n<\/div>\n<\/section>\n<p>Gift set special Sapphire consists of:<\/p>\n<p>SAPPHIRE HAND CREAM 50 ml<br \/>\nSAPPHIRE BODY CREAM 200 ml<br \/>\nSAPPHIRE BODY MIST 150 ml<\/p>\n<p>* Get a free candle with the purchase of 3 or more products.<\/p>\n","protected":false},"featured_media":2147,"template":"","meta":[],"product_cat":[62,73],"product_tag":[],"class_list":{"0":"post-2148","1":"product","2":"type-product","3":"status-publish","4":"has-post-thumbnail","6":"product_cat-gift-set-diamond-en","7":"product_cat-collection-sapphire","9":"first","10":"instock","11":"shipping-taxable","12":"purchasable","13":"product-type-simple"},"yoast_head":"<!-- This site is optimized with the Yoast SEO plugin v23.0 - https:\/\/yoast.com\/wordpress\/plugins\/seo\/ -->\n<title>GIFT SET DIAMOND SAPPHIRE - Sky Cosmetics Group<\/title>\n<meta name=\"robots\" content=\"index, follow, max-snippet:-1, max-image-preview:large, max-video-preview:-1\" \/>\n<link rel=\"canonical\" href=\"https:\/\/skycosmeticsgroup.com\/en\/proizvod\/gift-set-diamond-sapphire\/\" \/>\n<meta property=\"og:locale\" content=\"en_US\" \/>\n<meta property=\"og:type\" content=\"article\" \/>\n<meta property=\"og:title\" content=\"GIFT SET DIAMOND SAPPHIRE - Sky Cosmetics Group\" \/>\n<meta property=\"og:description\" content=\"the scent of pure nature, amber trees and the endless sea, enriched with a bouquet of white flowers and cashmere       Gift set special Sapphire consists of:  SAPPHIRE HAND CREAM 50 ml SAPPHIRE BODY CREAM 200 ml SAPPHIRE BODY MIST 150 ml  * Get a free candle with the purchase of 3 or more products.\" \/>\n<meta property=\"og:url\" content=\"https:\/\/skycosmeticsgroup.com\/en\/proizvod\/gift-set-diamond-sapphire\/\" \/>\n<meta property=\"og:site_name\" content=\"Sky Cosmetics Group\" \/>\n<meta property=\"article:modified_time\" content=\"2024-09-18T15:06:41+00:00\" \/>\n<meta property=\"og:image\" content=\"https:\/\/skycosmeticsgroup.com\/wp-content\/uploads\/2024\/05\/GIFT-SET-DIAMOND-SAPPHIRE-2.jpg\" \/>\n\t<meta property=\"og:image:width\" content=\"1619\" \/>\n\t<meta property=\"og:image:height\" content=\"1080\" \/>\n\t<meta property=\"og:image:type\" content=\"image\/jpeg\" \/>\n<meta name=\"twitter:card\" content=\"summary_large_image\" \/>\n<meta name=\"twitter:label1\" content=\"Est. reading time\" \/>\n\t<meta name=\"twitter:data1\" content=\"3 minutes\" \/>\n<script type=\"application\/ld+json\" class=\"yoast-schema-graph\">{\"@context\":\"https:\/\/schema.org\",\"@graph\":[{\"@type\":\"WebPage\",\"@id\":\"https:\/\/skycosmeticsgroup.com\/en\/proizvod\/gift-set-diamond-sapphire\/\",\"url\":\"https:\/\/skycosmeticsgroup.com\/en\/proizvod\/gift-set-diamond-sapphire\/\",\"name\":\"GIFT SET DIAMOND SAPPHIRE - Sky Cosmetics Group\",\"isPartOf\":{\"@id\":\"https:\/\/skycosmeticsgroup.com\/en\/#website\"},\"primaryImageOfPage\":{\"@id\":\"https:\/\/skycosmeticsgroup.com\/en\/proizvod\/gift-set-diamond-sapphire\/#primaryimage\"},\"image\":{\"@id\":\"https:\/\/skycosmeticsgroup.com\/en\/proizvod\/gift-set-diamond-sapphire\/#primaryimage\"},\"thumbnailUrl\":\"https:\/\/skycosmeticsgroup.com\/wp-content\/uploads\/2024\/05\/GIFT-SET-DIAMOND-SAPPHIRE-2.jpg\",\"datePublished\":\"2024-05-02T14:00:43+00:00\",\"dateModified\":\"2024-09-18T15:06:41+00:00\",\"breadcrumb\":{\"@id\":\"https:\/\/skycosmeticsgroup.com\/en\/proizvod\/gift-set-diamond-sapphire\/#breadcrumb\"},\"inLanguage\":\"en-US\",\"potentialAction\":[{\"@type\":\"ReadAction\",\"target\":[\"https:\/\/skycosmeticsgroup.com\/en\/proizvod\/gift-set-diamond-sapphire\/\"]}]},{\"@type\":\"ImageObject\",\"inLanguage\":\"en-US\",\"@id\":\"https:\/\/skycosmeticsgroup.com\/en\/proizvod\/gift-set-diamond-sapphire\/#primaryimage\",\"url\":\"https:\/\/skycosmeticsgroup.com\/wp-content\/uploads\/2024\/05\/GIFT-SET-DIAMOND-SAPPHIRE-2.jpg\",\"contentUrl\":\"https:\/\/skycosmeticsgroup.com\/wp-content\/uploads\/2024\/05\/GIFT-SET-DIAMOND-SAPPHIRE-2.jpg\",\"width\":1619,\"height\":1080},{\"@type\":\"BreadcrumbList\",\"@id\":\"https:\/\/skycosmeticsgroup.com\/en\/proizvod\/gift-set-diamond-sapphire\/#breadcrumb\",\"itemListElement\":[{\"@type\":\"ListItem\",\"position\":1,\"name\":\"Po\u010detna stranica\",\"item\":\"https:\/\/skycosmeticsgroup.com\/en\/\"},{\"@type\":\"ListItem\",\"position\":2,\"name\":\"Shop\",\"item\":\"https:\/\/skycosmeticsgroup.com\/en\/shop\/\"},{\"@type\":\"ListItem\",\"position\":3,\"name\":\"GIFT SET DIAMOND SAPPHIRE\"}]},{\"@type\":\"WebSite\",\"@id\":\"https:\/\/skycosmeticsgroup.com\/en\/#website\",\"url\":\"https:\/\/skycosmeticsgroup.com\/en\/\",\"name\":\"Sky Cosmetics Group\",\"description\":\"\",\"publisher\":{\"@id\":\"https:\/\/skycosmeticsgroup.com\/en\/#organization\"},\"potentialAction\":[{\"@type\":\"SearchAction\",\"target\":{\"@type\":\"EntryPoint\",\"urlTemplate\":\"https:\/\/skycosmeticsgroup.com\/en\/?s={search_term_string}\"},\"query-input\":\"required name=search_term_string\"}],\"inLanguage\":\"en-US\"},{\"@type\":\"Organization\",\"@id\":\"https:\/\/skycosmeticsgroup.com\/en\/#organization\",\"name\":\"Sky Cosmetics Group\",\"url\":\"https:\/\/skycosmeticsgroup.com\/en\/\",\"logo\":{\"@type\":\"ImageObject\",\"inLanguage\":\"en-US\",\"@id\":\"https:\/\/skycosmeticsgroup.com\/en\/#\/schema\/logo\/image\/\",\"url\":\"https:\/\/skycosmeticsgroup.com\/wp-content\/uploads\/2024\/01\/cropped-Sky-cosmetics-logotipi-u-boji-02-2.png\",\"contentUrl\":\"https:\/\/skycosmeticsgroup.com\/wp-content\/uploads\/2024\/01\/cropped-Sky-cosmetics-logotipi-u-boji-02-2.png\",\"width\":512,\"height\":512,\"caption\":\"Sky Cosmetics Group\"},\"image\":{\"@id\":\"https:\/\/skycosmeticsgroup.com\/en\/#\/schema\/logo\/image\/\"}}]}<\/script>\n<!-- \/ Yoast SEO plugin. -->","yoast_head_json":{"title":"GIFT SET DIAMOND SAPPHIRE - Sky Cosmetics Group","robots":{"index":"index","follow":"follow","max-snippet":"max-snippet:-1","max-image-preview":"max-image-preview:large","max-video-preview":"max-video-preview:-1"},"canonical":"https:\/\/skycosmeticsgroup.com\/en\/proizvod\/gift-set-diamond-sapphire\/","og_locale":"en_US","og_type":"article","og_title":"GIFT SET DIAMOND SAPPHIRE - Sky Cosmetics Group","og_description":"the scent of pure nature, amber trees and the endless sea, enriched with a bouquet of white flowers and cashmere       Gift set special Sapphire consists of:  SAPPHIRE HAND CREAM 50 ml SAPPHIRE BODY CREAM 200 ml SAPPHIRE BODY MIST 150 ml  * Get a free candle with the purchase of 3 or more products.","og_url":"https:\/\/skycosmeticsgroup.com\/en\/proizvod\/gift-set-diamond-sapphire\/","og_site_name":"Sky Cosmetics Group","article_modified_time":"2024-09-18T15:06:41+00:00","og_image":[{"width":1619,"height":1080,"url":"https:\/\/skycosmeticsgroup.com\/wp-content\/uploads\/2024\/05\/GIFT-SET-DIAMOND-SAPPHIRE-2.jpg","type":"image\/jpeg"}],"twitter_card":"summary_large_image","twitter_misc":{"Est. reading time":"3 minutes"},"schema":{"@context":"https:\/\/schema.org","@graph":[{"@type":"WebPage","@id":"https:\/\/skycosmeticsgroup.com\/en\/proizvod\/gift-set-diamond-sapphire\/","url":"https:\/\/skycosmeticsgroup.com\/en\/proizvod\/gift-set-diamond-sapphire\/","name":"GIFT SET DIAMOND SAPPHIRE - Sky Cosmetics Group","isPartOf":{"@id":"https:\/\/skycosmeticsgroup.com\/en\/#website"},"primaryImageOfPage":{"@id":"https:\/\/skycosmeticsgroup.com\/en\/proizvod\/gift-set-diamond-sapphire\/#primaryimage"},"image":{"@id":"https:\/\/skycosmeticsgroup.com\/en\/proizvod\/gift-set-diamond-sapphire\/#primaryimage"},"thumbnailUrl":"https:\/\/skycosmeticsgroup.com\/wp-content\/uploads\/2024\/05\/GIFT-SET-DIAMOND-SAPPHIRE-2.jpg","datePublished":"2024-05-02T14:00:43+00:00","dateModified":"2024-09-18T15:06:41+00:00","breadcrumb":{"@id":"https:\/\/skycosmeticsgroup.com\/en\/proizvod\/gift-set-diamond-sapphire\/#breadcrumb"},"inLanguage":"en-US","potentialAction":[{"@type":"ReadAction","target":["https:\/\/skycosmeticsgroup.com\/en\/proizvod\/gift-set-diamond-sapphire\/"]}]},{"@type":"ImageObject","inLanguage":"en-US","@id":"https:\/\/skycosmeticsgroup.com\/en\/proizvod\/gift-set-diamond-sapphire\/#primaryimage","url":"https:\/\/skycosmeticsgroup.com\/wp-content\/uploads\/2024\/05\/GIFT-SET-DIAMOND-SAPPHIRE-2.jpg","contentUrl":"https:\/\/skycosmeticsgroup.com\/wp-content\/uploads\/2024\/05\/GIFT-SET-DIAMOND-SAPPHIRE-2.jpg","width":1619,"height":1080},{"@type":"BreadcrumbList","@id":"https:\/\/skycosmeticsgroup.com\/en\/proizvod\/gift-set-diamond-sapphire\/#breadcrumb","itemListElement":[{"@type":"ListItem","position":1,"name":"Po\u010detna stranica","item":"https:\/\/skycosmeticsgroup.com\/en\/"},{"@type":"ListItem","position":2,"name":"Shop","item":"https:\/\/skycosmeticsgroup.com\/en\/shop\/"},{"@type":"ListItem","position":3,"name":"GIFT SET DIAMOND SAPPHIRE"}]},{"@type":"WebSite","@id":"https:\/\/skycosmeticsgroup.com\/en\/#website","url":"https:\/\/skycosmeticsgroup.com\/en\/","name":"Sky Cosmetics Group","description":"","publisher":{"@id":"https:\/\/skycosmeticsgroup.com\/en\/#organization"},"potentialAction":[{"@type":"SearchAction","target":{"@type":"EntryPoint","urlTemplate":"https:\/\/skycosmeticsgroup.com\/en\/?s={search_term_string}"},"query-input":"required name=search_term_string"}],"inLanguage":"en-US"},{"@type":"Organization","@id":"https:\/\/skycosmeticsgroup.com\/en\/#organization","name":"Sky Cosmetics Group","url":"https:\/\/skycosmeticsgroup.com\/en\/","logo":{"@type":"ImageObject","inLanguage":"en-US","@id":"https:\/\/skycosmeticsgroup.com\/en\/#\/schema\/logo\/image\/","url":"https:\/\/skycosmeticsgroup.com\/wp-content\/uploads\/2024\/01\/cropped-Sky-cosmetics-logotipi-u-boji-02-2.png","contentUrl":"https:\/\/skycosmeticsgroup.com\/wp-content\/uploads\/2024\/01\/cropped-Sky-cosmetics-logotipi-u-boji-02-2.png","width":512,"height":512,"caption":"Sky Cosmetics Group"},"image":{"@id":"https:\/\/skycosmeticsgroup.com\/en\/#\/schema\/logo\/image\/"}}]}},"_links":{"self":[{"href":"https:\/\/skycosmeticsgroup.com\/en\/wp-json\/wp\/v2\/product\/2148","targetHints":{"allow":["GET"]}}],"collection":[{"href":"https:\/\/skycosmeticsgroup.com\/en\/wp-json\/wp\/v2\/product"}],"about":[{"href":"https:\/\/skycosmeticsgroup.com\/en\/wp-json\/wp\/v2\/types\/product"}],"wp:featuredmedia":[{"embeddable":true,"href":"https:\/\/skycosmeticsgroup.com\/en\/wp-json\/wp\/v2\/media\/2147"}],"wp:attachment":[{"href":"https:\/\/skycosmeticsgroup.com\/en\/wp-json\/wp\/v2\/media?parent=2148"}],"wp:term":[{"taxonomy":"product_cat","embeddable":true,"href":"https:\/\/skycosmeticsgroup.com\/en\/wp-json\/wp\/v2\/product_cat?post=2148"},{"taxonomy":"product_tag","embeddable":true,"href":"https:\/\/skycosmeticsgroup.com\/en\/wp-json\/wp\/v2\/product_tag?post=2148"}],"curies":[{"name":"wp","href":"https:\/\/api.w.org\/{rel}","templated":true}]}}