{"id":2157,"date":"2024-05-02T16:34:42","date_gmt":"2024-05-02T14:34:42","guid":{"rendered":"https:\/\/skycosmeticsgroup.com\/proizvod\/gift-set-diamond-pearl\/"},"modified":"2024-09-18T17:19:36","modified_gmt":"2024-09-18T15:19:36","slug":"gift-set-diamond-pearl","status":"publish","type":"product","link":"https:\/\/skycosmeticsgroup.com\/en\/proizvod\/gift-set-diamond-pearl\/","title":{"rendered":"GIFT SET DIAMOND PEARL"},"content":{"rendered":"<p><strong>PEARL HAND CREAM 50 ml<\/strong> *HR \/ BIH * Perla hand cream 50 ml * Scented hand cream protects and moisturizes the skin * Usage: Apply the cream several times a day after washing your hands * DE * Handcreme Perle 50 ml * Die duftige Handcreme bietet der Haut Schutz und Feuchtigkeit * Anwendung : Handcreme mehrmals t\u00e4glich nach dem H\u00e4ndewaschen auftragen * EN * Pearl hand cream 50ml * Scented hand cream protects and hydrates the skin * Application: Apply cream multiple times a day after washing your hands * SLO * Pearl hand cream 50 ml * Breathing cream for protect and moisturize the skin of the hands * Use: apply the cream several times a day, after washing the skin * SR * Perla hand cream 50 ml * Fragrant hand cream protects and hydrates the skin * Use: Apply the cream several times a day after washing your hands. <strong>PEARL BODY CREAM 200 ml<\/strong> HR\/BIH *Perla body cream 200 ml * Scented and revitalizing cream for the care of the whole body * Use: Apply the cream to clean body skin and massage gently * DE * K\u00f6rpercreme Perle 200 ml * Eine duftige und wiederbelebende Creme f\u00fcr ganzheitliche K\u00f6rperpflege * Anwendung: Die Creme auf saubere K\u00f6rperhaut auftragen und sanft einmassieren * EN * Pearl body cream 200 ml * Scented and revitalizing cream for complete body care * Application: Apply cream to clean body skin and massage gently * SLO * Pearl body cream 200 ml * Breathing in restorative cream for the whole body * Use: Apply the cream to clean body skin and gently rub it in * SR * Perla body cream 200 ml * Fragrant and revitalizing cream for the care of the whole body * Use: Apply the cream to clean body skin and gently massage. <strong>PEARL BODY MIST 150 ml<\/strong> * HR\/BIH * Perla body fragrance 150 ml * Eau de Parfum leaves an irresistible trail of fragrance and freshness on the whole body * Usage: Apply evenly from a distance of 10 cm all over the body, avoiding the face area * DE * K\u00f6rperparfum Perle 150 ml * Das Duftwasser hinterl\u00e4sst eine unwiderstehliche Duft-und Frischespur auf dem ganzen K\u00f6rper * Anwendung: Gleichm\u00e4\u00dfig auf den ganzen K\u00f6rper aus 10 cm Entfernung auftragen, dabei das Gesicht verminden * EN * Pearl body mist 150 ml Perfume water leaves an irresistible trace of fragrance and freshness all over the body * Application: Apply evenly over the whole body from 10 cm away, avoiding the facial area * SLO * Perla body breather 150 ml * Breathing water leaves a breath-taking and fresh trail all over the body that cannot be resisted * Use: evenly apply all over the body from a distance of 10 cm. Avoid the area of \u200b\u200bthe cheeks * SR * Perla body fragrance 150 ml Perfumed water leaves an irresistible trail of fragrance and freshness on the whole body * Usage: Apply evenly from a distance of 10 cm all over the body, avoiding the face area.<\/p>\n","protected":false},"excerpt":{"rendered":"<p>a delicate floral powdery fragrance, a wonderful combination of patchouli, Bulgarian rose and orange blossom<\/p>\n<p>Gift set diamond Pearl consists of: PEARL HAND CREAM 50 ml PEARL BODY CREAM 200 ml PEARL BODY MIST 150 ml * Get a free candle with the purchase of 3 or more products.<\/p>\n","protected":false},"featured_media":2143,"template":"","meta":[],"product_cat":[62,74],"product_tag":[],"class_list":{"0":"post-2157","1":"product","2":"type-product","3":"status-publish","4":"has-post-thumbnail","6":"product_cat-gift-set-diamond-en","7":"product_cat-the-pearl-collection","9":"first","10":"instock","11":"shipping-taxable","12":"purchasable","13":"product-type-simple"},"yoast_head":"<!-- This site is optimized with the Yoast SEO plugin v23.0 - https:\/\/yoast.com\/wordpress\/plugins\/seo\/ -->\n<title>GIFT SET DIAMOND PEARL - Sky Cosmetics Group<\/title>\n<meta name=\"robots\" content=\"index, follow, max-snippet:-1, max-image-preview:large, max-video-preview:-1\" \/>\n<link rel=\"canonical\" href=\"https:\/\/skycosmeticsgroup.com\/en\/proizvod\/gift-set-diamond-pearl\/\" \/>\n<meta property=\"og:locale\" content=\"en_US\" \/>\n<meta property=\"og:type\" content=\"article\" \/>\n<meta property=\"og:title\" content=\"GIFT SET DIAMOND PEARL - Sky Cosmetics Group\" \/>\n<meta property=\"og:description\" content=\"a delicate floral powdery fragrance, a wonderful combination of patchouli, Bulgarian rose and orange blossom  Gift set diamond Pearl consists of: PEARL HAND CREAM 50 ml PEARL BODY CREAM 200 ml PEARL BODY MIST 150 ml * Get a free candle with the purchase of 3 or more products.\" \/>\n<meta property=\"og:url\" content=\"https:\/\/skycosmeticsgroup.com\/en\/proizvod\/gift-set-diamond-pearl\/\" \/>\n<meta property=\"og:site_name\" content=\"Sky Cosmetics Group\" \/>\n<meta property=\"article:modified_time\" content=\"2024-09-18T15:19:36+00:00\" \/>\n<meta property=\"og:image\" content=\"https:\/\/skycosmeticsgroup.com\/wp-content\/uploads\/2024\/05\/GIFT-SET-DIAMOND-PEARL-2.jpg\" \/>\n\t<meta property=\"og:image:width\" content=\"1619\" \/>\n\t<meta property=\"og:image:height\" content=\"1080\" \/>\n\t<meta property=\"og:image:type\" content=\"image\/jpeg\" \/>\n<meta name=\"twitter:card\" content=\"summary_large_image\" \/>\n<meta name=\"twitter:label1\" content=\"Est. reading time\" \/>\n\t<meta name=\"twitter:data1\" content=\"3 minutes\" \/>\n<script type=\"application\/ld+json\" class=\"yoast-schema-graph\">{\"@context\":\"https:\/\/schema.org\",\"@graph\":[{\"@type\":\"WebPage\",\"@id\":\"https:\/\/skycosmeticsgroup.com\/en\/proizvod\/gift-set-diamond-pearl\/\",\"url\":\"https:\/\/skycosmeticsgroup.com\/en\/proizvod\/gift-set-diamond-pearl\/\",\"name\":\"GIFT SET DIAMOND PEARL - Sky Cosmetics Group\",\"isPartOf\":{\"@id\":\"https:\/\/skycosmeticsgroup.com\/en\/#website\"},\"primaryImageOfPage\":{\"@id\":\"https:\/\/skycosmeticsgroup.com\/en\/proizvod\/gift-set-diamond-pearl\/#primaryimage\"},\"image\":{\"@id\":\"https:\/\/skycosmeticsgroup.com\/en\/proizvod\/gift-set-diamond-pearl\/#primaryimage\"},\"thumbnailUrl\":\"https:\/\/skycosmeticsgroup.com\/wp-content\/uploads\/2024\/05\/GIFT-SET-DIAMOND-PEARL-2.jpg\",\"datePublished\":\"2024-05-02T14:34:42+00:00\",\"dateModified\":\"2024-09-18T15:19:36+00:00\",\"breadcrumb\":{\"@id\":\"https:\/\/skycosmeticsgroup.com\/en\/proizvod\/gift-set-diamond-pearl\/#breadcrumb\"},\"inLanguage\":\"en-US\",\"potentialAction\":[{\"@type\":\"ReadAction\",\"target\":[\"https:\/\/skycosmeticsgroup.com\/en\/proizvod\/gift-set-diamond-pearl\/\"]}]},{\"@type\":\"ImageObject\",\"inLanguage\":\"en-US\",\"@id\":\"https:\/\/skycosmeticsgroup.com\/en\/proizvod\/gift-set-diamond-pearl\/#primaryimage\",\"url\":\"https:\/\/skycosmeticsgroup.com\/wp-content\/uploads\/2024\/05\/GIFT-SET-DIAMOND-PEARL-2.jpg\",\"contentUrl\":\"https:\/\/skycosmeticsgroup.com\/wp-content\/uploads\/2024\/05\/GIFT-SET-DIAMOND-PEARL-2.jpg\",\"width\":1619,\"height\":1080},{\"@type\":\"BreadcrumbList\",\"@id\":\"https:\/\/skycosmeticsgroup.com\/en\/proizvod\/gift-set-diamond-pearl\/#breadcrumb\",\"itemListElement\":[{\"@type\":\"ListItem\",\"position\":1,\"name\":\"Po\u010detna stranica\",\"item\":\"https:\/\/skycosmeticsgroup.com\/en\/\"},{\"@type\":\"ListItem\",\"position\":2,\"name\":\"Shop\",\"item\":\"https:\/\/skycosmeticsgroup.com\/en\/shop\/\"},{\"@type\":\"ListItem\",\"position\":3,\"name\":\"GIFT SET DIAMOND PEARL\"}]},{\"@type\":\"WebSite\",\"@id\":\"https:\/\/skycosmeticsgroup.com\/en\/#website\",\"url\":\"https:\/\/skycosmeticsgroup.com\/en\/\",\"name\":\"Sky Cosmetics Group\",\"description\":\"\",\"publisher\":{\"@id\":\"https:\/\/skycosmeticsgroup.com\/en\/#organization\"},\"potentialAction\":[{\"@type\":\"SearchAction\",\"target\":{\"@type\":\"EntryPoint\",\"urlTemplate\":\"https:\/\/skycosmeticsgroup.com\/en\/?s={search_term_string}\"},\"query-input\":\"required name=search_term_string\"}],\"inLanguage\":\"en-US\"},{\"@type\":\"Organization\",\"@id\":\"https:\/\/skycosmeticsgroup.com\/en\/#organization\",\"name\":\"Sky Cosmetics Group\",\"url\":\"https:\/\/skycosmeticsgroup.com\/en\/\",\"logo\":{\"@type\":\"ImageObject\",\"inLanguage\":\"en-US\",\"@id\":\"https:\/\/skycosmeticsgroup.com\/en\/#\/schema\/logo\/image\/\",\"url\":\"https:\/\/skycosmeticsgroup.com\/wp-content\/uploads\/2024\/01\/cropped-Sky-cosmetics-logotipi-u-boji-02-2.png\",\"contentUrl\":\"https:\/\/skycosmeticsgroup.com\/wp-content\/uploads\/2024\/01\/cropped-Sky-cosmetics-logotipi-u-boji-02-2.png\",\"width\":512,\"height\":512,\"caption\":\"Sky Cosmetics Group\"},\"image\":{\"@id\":\"https:\/\/skycosmeticsgroup.com\/en\/#\/schema\/logo\/image\/\"}}]}<\/script>\n<!-- \/ Yoast SEO plugin. -->","yoast_head_json":{"title":"GIFT SET DIAMOND PEARL - Sky Cosmetics Group","robots":{"index":"index","follow":"follow","max-snippet":"max-snippet:-1","max-image-preview":"max-image-preview:large","max-video-preview":"max-video-preview:-1"},"canonical":"https:\/\/skycosmeticsgroup.com\/en\/proizvod\/gift-set-diamond-pearl\/","og_locale":"en_US","og_type":"article","og_title":"GIFT SET DIAMOND PEARL - Sky Cosmetics Group","og_description":"a delicate floral powdery fragrance, a wonderful combination of patchouli, Bulgarian rose and orange blossom  Gift set diamond Pearl consists of: PEARL HAND CREAM 50 ml PEARL BODY CREAM 200 ml PEARL BODY MIST 150 ml * Get a free candle with the purchase of 3 or more products.","og_url":"https:\/\/skycosmeticsgroup.com\/en\/proizvod\/gift-set-diamond-pearl\/","og_site_name":"Sky Cosmetics Group","article_modified_time":"2024-09-18T15:19:36+00:00","og_image":[{"width":1619,"height":1080,"url":"https:\/\/skycosmeticsgroup.com\/wp-content\/uploads\/2024\/05\/GIFT-SET-DIAMOND-PEARL-2.jpg","type":"image\/jpeg"}],"twitter_card":"summary_large_image","twitter_misc":{"Est. reading time":"3 minutes"},"schema":{"@context":"https:\/\/schema.org","@graph":[{"@type":"WebPage","@id":"https:\/\/skycosmeticsgroup.com\/en\/proizvod\/gift-set-diamond-pearl\/","url":"https:\/\/skycosmeticsgroup.com\/en\/proizvod\/gift-set-diamond-pearl\/","name":"GIFT SET DIAMOND PEARL - Sky Cosmetics Group","isPartOf":{"@id":"https:\/\/skycosmeticsgroup.com\/en\/#website"},"primaryImageOfPage":{"@id":"https:\/\/skycosmeticsgroup.com\/en\/proizvod\/gift-set-diamond-pearl\/#primaryimage"},"image":{"@id":"https:\/\/skycosmeticsgroup.com\/en\/proizvod\/gift-set-diamond-pearl\/#primaryimage"},"thumbnailUrl":"https:\/\/skycosmeticsgroup.com\/wp-content\/uploads\/2024\/05\/GIFT-SET-DIAMOND-PEARL-2.jpg","datePublished":"2024-05-02T14:34:42+00:00","dateModified":"2024-09-18T15:19:36+00:00","breadcrumb":{"@id":"https:\/\/skycosmeticsgroup.com\/en\/proizvod\/gift-set-diamond-pearl\/#breadcrumb"},"inLanguage":"en-US","potentialAction":[{"@type":"ReadAction","target":["https:\/\/skycosmeticsgroup.com\/en\/proizvod\/gift-set-diamond-pearl\/"]}]},{"@type":"ImageObject","inLanguage":"en-US","@id":"https:\/\/skycosmeticsgroup.com\/en\/proizvod\/gift-set-diamond-pearl\/#primaryimage","url":"https:\/\/skycosmeticsgroup.com\/wp-content\/uploads\/2024\/05\/GIFT-SET-DIAMOND-PEARL-2.jpg","contentUrl":"https:\/\/skycosmeticsgroup.com\/wp-content\/uploads\/2024\/05\/GIFT-SET-DIAMOND-PEARL-2.jpg","width":1619,"height":1080},{"@type":"BreadcrumbList","@id":"https:\/\/skycosmeticsgroup.com\/en\/proizvod\/gift-set-diamond-pearl\/#breadcrumb","itemListElement":[{"@type":"ListItem","position":1,"name":"Po\u010detna stranica","item":"https:\/\/skycosmeticsgroup.com\/en\/"},{"@type":"ListItem","position":2,"name":"Shop","item":"https:\/\/skycosmeticsgroup.com\/en\/shop\/"},{"@type":"ListItem","position":3,"name":"GIFT SET DIAMOND PEARL"}]},{"@type":"WebSite","@id":"https:\/\/skycosmeticsgroup.com\/en\/#website","url":"https:\/\/skycosmeticsgroup.com\/en\/","name":"Sky Cosmetics Group","description":"","publisher":{"@id":"https:\/\/skycosmeticsgroup.com\/en\/#organization"},"potentialAction":[{"@type":"SearchAction","target":{"@type":"EntryPoint","urlTemplate":"https:\/\/skycosmeticsgroup.com\/en\/?s={search_term_string}"},"query-input":"required name=search_term_string"}],"inLanguage":"en-US"},{"@type":"Organization","@id":"https:\/\/skycosmeticsgroup.com\/en\/#organization","name":"Sky Cosmetics Group","url":"https:\/\/skycosmeticsgroup.com\/en\/","logo":{"@type":"ImageObject","inLanguage":"en-US","@id":"https:\/\/skycosmeticsgroup.com\/en\/#\/schema\/logo\/image\/","url":"https:\/\/skycosmeticsgroup.com\/wp-content\/uploads\/2024\/01\/cropped-Sky-cosmetics-logotipi-u-boji-02-2.png","contentUrl":"https:\/\/skycosmeticsgroup.com\/wp-content\/uploads\/2024\/01\/cropped-Sky-cosmetics-logotipi-u-boji-02-2.png","width":512,"height":512,"caption":"Sky Cosmetics Group"},"image":{"@id":"https:\/\/skycosmeticsgroup.com\/en\/#\/schema\/logo\/image\/"}}]}},"_links":{"self":[{"href":"https:\/\/skycosmeticsgroup.com\/en\/wp-json\/wp\/v2\/product\/2157","targetHints":{"allow":["GET"]}}],"collection":[{"href":"https:\/\/skycosmeticsgroup.com\/en\/wp-json\/wp\/v2\/product"}],"about":[{"href":"https:\/\/skycosmeticsgroup.com\/en\/wp-json\/wp\/v2\/types\/product"}],"wp:featuredmedia":[{"embeddable":true,"href":"https:\/\/skycosmeticsgroup.com\/en\/wp-json\/wp\/v2\/media\/2143"}],"wp:attachment":[{"href":"https:\/\/skycosmeticsgroup.com\/en\/wp-json\/wp\/v2\/media?parent=2157"}],"wp:term":[{"taxonomy":"product_cat","embeddable":true,"href":"https:\/\/skycosmeticsgroup.com\/en\/wp-json\/wp\/v2\/product_cat?post=2157"},{"taxonomy":"product_tag","embeddable":true,"href":"https:\/\/skycosmeticsgroup.com\/en\/wp-json\/wp\/v2\/product_tag?post=2157"}],"curies":[{"name":"wp","href":"https:\/\/api.w.org\/{rel}","templated":true}]}}