{"id":2378,"date":"2024-10-18T16:47:49","date_gmt":"2024-10-18T14:47:49","guid":{"rendered":"https:\/\/skycosmeticsgroup.com\/?post_type=product&#038;p=2378"},"modified":"2024-10-18T19:26:17","modified_gmt":"2024-10-18T17:26:17","slug":"gift-set-xxl-sapphire","status":"publish","type":"product","link":"https:\/\/skycosmeticsgroup.com\/en\/proizvod\/gift-set-xxl-sapphire\/","title":{"rendered":"GIFT SET XXL SAPPHIRE"},"content":{"rendered":"<p><strong>SAPPHIRE DRY BODY OIL 100 ml<\/strong><\/p>\n<p>HR\/BIH * Safir suho ulje 100 ml * Mirisno suho ulje hidratizira cijelo tijelo * Upotreba: Nanijeti manju koli\u010dinu suhog ulja na ko\u017eu tijela, lica ili na du\u017einu kose * DE * Trocken\u00f6l Saphir 100 ml * Das duftige Trocken\u00f6l spendet Feuchtigkeit f\u00fcr den ganzen K\u00f6rper * Anwendung: Eine kleine Menge des Trocken\u00f6ls auf die K\u00f6rperhaut, das Gesicht oder die Haare auftragen * EN * Sapphire dry body oil 100 ml* Scented dry oil hydrates the whole body * Application: Apply a small amount of dry oil to your body, face or the length of your hair * SLO * Suho olje Safir 100 ml * Di\u0161e\u010de suho olje navla\u017ei celotno telo * Uporaba: majhno koli\u010dino suhega olja nanesite na ko\u017eo telesa, obraza ali po dol\u017eini las * SR * Safir suvo ulje 100 ml * Mirisno suvo ulje hidrira celo telo * Upotreba: Naneti manju koli\u010dinu suvog ulja na ko\u017eu tela, lica ili na du\u017einu kose.<\/p>\n<p><strong>SAPPHIRE BODY MIST 150 ml <\/strong><\/p>\n<p>* HR\/BIH * Safir Body Mist 150 ml * Mirisna vodica ostavlja neodoljiv trag mirisa i svje\u017eine na cijelom tijelu * Upotreba: Nanijeti ravnomjerno s udaljenosti od 10 cm po cijelom tijelu, izbjegavaju\u0107i podru\u010dje lica * DE * K\u00f6rperparfum Saphir 150 ml * Das Duftwasser hinterl\u00e4sst eine unwiderstehliche Duft-und Frischespur auf dem ganzen K\u00f6rper *<\/p>\n<p>Anwendung: Gleichm\u00e4\u00dfig auf den ganzen K\u00f6rper aus 10 cm Entfernung auftragen, dabei das Gesicht vermeiden * EN * Sapphire body mist 150 ml * Perfume water leaves an irresistible trace of fragrance and freshness all over the body * Application: Apply evenly over the whole body from 10 cm away, avoiding the facial area * SLO * Di\u0161ava za telo Safir 150 ml * Di\u0161e\u010da voda pusti po celotnem telesu di\u0161e\u010do in sve\u017eo sled, ki se ji ni mogo\u010de upreti * Uporaba: enakomerno nanesite po celotnem telesu z oddaljenosti 10 cm. Izogibajte se predelu obraza * SR * Safir miris za telo 150 ml * Mirisna vodica ostavlja neodoljiv trag mirisa i sve\u017eine na celom telu * Upotreba: Naneti ravnomerno sa udaljenosti od 10 cm po celom telu, izbegavaju\u0107i podru\u010dje lica.<\/p>\n<p><strong>SAPPHIRE BODY SCRUB 200 ml<\/strong><\/p>\n<p>HR\/BIH * Safir piling za tijelo 200 ml * Mirisni gel piling odstranjuje odumrle stanice i \u010dini ko\u017eu glatkom * Upotreba: Nanijeti malu koli\u010dinu pilinga na mokru ko\u017eu, lagano umasirati i temeljito isprati vodom * DE * K\u00f6rperpeeling Saphir 200 ml * Das duftige Peeling-Gel gl\u00e4ttet die Haut und befreit sie von abgestorbenen Hautzellen * Anwendung: Eine kleine Menge des Peelings auf nasse Haut auftragen, sanft einmassieren und gr\u00fcndlich aussp\u00fclen * EN * Sapphire body scrub 200 ml * Scented exfoliating gel removes dead skin cells and makes the skin smooth * Application: Apply a small amount of body scrub to wet skin, massage gently and rinse thoroughly with water * SLO * Piling za telo Safir 200 ml * Di\u0161e\u010di gelast piling odstrani odmrle celice in ko\u017eo zgladi * Uporaba: majhno koli\u010dino pilinga nanesite na mokro ko\u017eo, ga ne\u017eno vtrite in temeljito izperite z vodo * SR * Safir piling za telo 200 ml * Mirisni gel piling odstranjuje odumrle \u0107elije i \u010dini ko\u017eu glatkom * Upotreba: Naneti malu koli\u010dinu pilinga na mokru ko\u017eu, lagano umasirati i temeljno isprati vodom.<\/p>\n<p><strong>SAPPHIRE BODY MIST 250 ml<\/strong><\/p>\n<p>HR\/BIH * Safir Body Mist 250 ml * Mirisna vodica ostavlja neodoljiv trag mirisa i svje\u017eine na cijelom tijelu * Upotreba: Nanijeti ravnomjerno s udaljenosti od 10 cm po cijelom tijelu, izbjegavaju\u0107i podru\u010dje lica * DE K\u00f6rperparfum Saphir 250ml * Das Duftwasser hinterl\u00e4sst eine unwiderstehliche Duft-und Frischespur auf dem ganzen K\u00f6rper *<\/p>\n<p>Anwendung: Gleichm\u00e4\u00dfig auf den ganzen K\u00f6rper aus 10 cm Entfernung auftragen, dabei das Gesicht vermeiden * EN * Sapphire body mist 250 ml * Perfume water leaves an irresistible trace of fragrance and freshness all over the body * Application: Apply evenly over the whole body from 10 cm away, avoiding the facial area * SLO * Di\u0161ava za telo Safir 250 ml * Di\u0161e\u010da voda pusti po celotnem telesu di\u0161e\u010do in sve\u017eo sled, ki se ji ni mogo\u010de upreti * Uporaba: enakomerno nanesite po celotnem telesu z oddaljenosti 10 cm. Izogibajte se predelu obraza * SR * Safir miris za telo 250 ml * Mirisna vodica ostavlja neodoljiv trag mirisa i sve\u017eine na celom telu * Upotreba: Naneti ravnomerno sa udaljenosti od 10 cm po celom telu, izbegavaju\u0107i podru\u010dje lica.<\/p>\n<p><strong>SAPPHIRE BODY CREAM 200 ml<\/strong><\/p>\n<p>HR\/BIH * Safir krema za tijelo 200 ml * Mirisna i revitaliziraju\u0107a krema za njegu cijelog tijela *<\/p>\n<p>Upotreba: Nanijeti kremu na \u010distu ko\u017eu tijela i nje\u017eno umasirati * DE * K\u00f6rpercreme Saphir 200 ml * Eine duftige und wiederbelebende Creme f\u00fcr ganzheitliche K\u00f6rperpflege * Anwendung: Die Creme auf saubere K\u00f6rperhaut auftragen und sanft einmassieren * EN * Sapphire body cream 200 ml * Scented and revitalizing cream for complete body care * Application: Apply cream to clean body skin and massage gently * SLO * Krema za telo Safir 200 ml * Di\u0161e\u010da in obnovitvena krema za nego celega telesa * Uporaba: Kremo nanesite na \u010disto ko\u017eo telesa in jo ne\u017eno vtrite * SR * Safir krema za telo 200 ml * Mirisna i revitalizuju\u0107a krema za negu celog tela * Upotreba: Naneti kremu na \u010distu ko\u017eu tela i ne\u017eno umasirati.<\/p>\n<p><strong>SAPPHIRE HAND CREAM 50 ml <\/strong><\/p>\n<p>* HR\/BIH * Safir krema za ruke 50 ml * Mirisna krema za ruke \u0161titi i hidratizira ko\u017eu * Upotreba: Nanijeti kremu vi\u0161e puta dnevno nakon pranja ruku * DE * Handcreme Saphir 50 ml * Die duftige Handcreme bietet der Haut Schutz und Feuchtigkeit * Anwendung: Handcreme mehrmals t\u00e4glich nach dem H\u00e4ndewaschen auftragen * EN * Sapphire hand cream 50 ml * Scented hand cream protects and hydrates the skin * Application: Apply cream multiple times a day after washing your hands * SLO * Krema za roke Safir 50 ml * Di\u0161e\u010da krema za roke ko\u017eo za\u0161\u010diti in navla\u017ei * Uporaba: kremo nanesite ve\u010dkrat dnevno, po umivanju rok * SR *Safir krema za ruke 50 ml * Mirisna krema za ruke \u0161titi i hidrira ko\u017eu * Upotreba: Naneti kremu vi\u0161e puta dnevno nakon pranja ruku.<\/p>\n<p><strong>SAPPHIRE SHOWER GEL 250 ml<\/strong><\/p>\n<p>HR\/BIH * Safir gel za tu\u0161iranje 250 ml * Mirisni gel za tu\u0161iranje cijelom tijelu daje osje\u0107aj svje\u017eine i ugodnosti * Upotreba: Nanijeti gel na ovla\u017eenu ko\u017eu, nje\u017eno umasirati i temeljito isprati vodom * DE * Duschgel Saphir 250 ml * Das duftige Duschgel bietet dem ganzen K\u00f6rper Frische und Gem\u00fctlichkeit * Anwendung: Duschgel auf nasse Haut auftragen, sanft einmassieren und gr\u00fcndlich mit Wasser aussp\u00fclen * EN * Sapphire shower gel 250 ml * Scented shower gel gives a feeling of freshness and comfort to the whole body * Application: Apply gel to damp skin, massage gently and rinse thoroughly with water * SLO * Gel za prhanje Safir 250 ml * Di\u0161e\u010di gel za prhanje celotno telo ovije v ob\u010dutek sve\u017eine in ugodja * Uporaba: gel nanesite na vla\u017eno ko\u017eo, ga ne\u017eno vtrite in temeljito izperite z vodo * SR * Safir gel za tu\u0161iranje 250 ml * Mirisni gel za tu\u0161iranje celom telu daje ose\u0107aj sve\u017eine i prijatnosti * Upotreba: Naneti gel na vla\u017enu ko\u017eu, ne\u017eno umasirati i temeljno isprati vodom.<\/p>\n","protected":false},"excerpt":{"rendered":"<p>the scent of pure nature, amber trees and the endless sea, enriched with a bouquet of white flowers and cashmere<\/p>\n<p>Gift set XXL Sapphire consists of:<\/p>\n<p>PEARL DRY BODY OIL 100 ml<br \/>\nPEARL BODY MIST 150 ml<br \/>\nPEARL BODY SCRUB 200 ml<br \/>\nPEARL BODY MIST 250 ml<br \/>\nPEARL BODY CREAM 200 ml<br \/>\nPEARL HAND CREAM 50 ml<br \/>\nPEARL SHOWER GEL 250 ml<\/p>\n<p>* Get a free candle with the purchase of 3 or more products.<\/p>\n","protected":false},"featured_media":2377,"template":"","meta":[],"product_cat":[73,76],"product_tag":[],"class_list":{"0":"post-2378","1":"product","2":"type-product","3":"status-publish","4":"has-post-thumbnail","6":"product_cat-collection-sapphire","7":"product_cat-gift-set-xxl-en","9":"first","10":"instock","11":"shipping-taxable","12":"purchasable","13":"product-type-simple"},"yoast_head":"<!-- This site is optimized with the Yoast SEO plugin v23.0 - https:\/\/yoast.com\/wordpress\/plugins\/seo\/ -->\n<title>GIFT SET XXL SAPPHIRE - Sky Cosmetics Group<\/title>\n<meta name=\"robots\" content=\"index, follow, max-snippet:-1, max-image-preview:large, max-video-preview:-1\" \/>\n<link rel=\"canonical\" href=\"https:\/\/skycosmeticsgroup.com\/en\/proizvod\/gift-set-xxl-sapphire\/\" \/>\n<meta property=\"og:locale\" content=\"en_US\" \/>\n<meta property=\"og:type\" content=\"article\" \/>\n<meta property=\"og:title\" content=\"GIFT SET XXL SAPPHIRE - Sky Cosmetics Group\" \/>\n<meta property=\"og:description\" content=\"the scent of pure nature, amber trees and the endless sea, enriched with a bouquet of white flowers and cashmere  Gift set XXL Sapphire consists of:  PEARL DRY BODY OIL 100 ml PEARL BODY MIST 150 ml PEARL BODY SCRUB 200 ml PEARL BODY MIST 250 ml PEARL BODY CREAM 200 ml PEARL HAND CREAM 50 ml PEARL SHOWER GEL 250 ml  * Get a free candle with the purchase of 3 or more products.\" \/>\n<meta property=\"og:url\" content=\"https:\/\/skycosmeticsgroup.com\/en\/proizvod\/gift-set-xxl-sapphire\/\" \/>\n<meta property=\"og:site_name\" content=\"Sky Cosmetics Group\" \/>\n<meta property=\"article:modified_time\" content=\"2024-10-18T17:26:17+00:00\" \/>\n<meta property=\"og:image\" content=\"https:\/\/skycosmeticsgroup.com\/wp-content\/uploads\/2024\/10\/SAPHIRE-xxl.jpg\" \/>\n\t<meta property=\"og:image:width\" content=\"2000\" \/>\n\t<meta property=\"og:image:height\" content=\"2000\" \/>\n\t<meta property=\"og:image:type\" content=\"image\/jpeg\" \/>\n<meta name=\"twitter:card\" content=\"summary_large_image\" \/>\n<meta name=\"twitter:label1\" content=\"Est. reading time\" \/>\n\t<meta name=\"twitter:data1\" content=\"7 minutes\" \/>\n<script type=\"application\/ld+json\" class=\"yoast-schema-graph\">{\"@context\":\"https:\/\/schema.org\",\"@graph\":[{\"@type\":\"WebPage\",\"@id\":\"https:\/\/skycosmeticsgroup.com\/en\/proizvod\/gift-set-xxl-sapphire\/\",\"url\":\"https:\/\/skycosmeticsgroup.com\/en\/proizvod\/gift-set-xxl-sapphire\/\",\"name\":\"GIFT SET XXL SAPPHIRE - Sky Cosmetics Group\",\"isPartOf\":{\"@id\":\"https:\/\/skycosmeticsgroup.com\/en\/#website\"},\"primaryImageOfPage\":{\"@id\":\"https:\/\/skycosmeticsgroup.com\/en\/proizvod\/gift-set-xxl-sapphire\/#primaryimage\"},\"image\":{\"@id\":\"https:\/\/skycosmeticsgroup.com\/en\/proizvod\/gift-set-xxl-sapphire\/#primaryimage\"},\"thumbnailUrl\":\"https:\/\/skycosmeticsgroup.com\/wp-content\/uploads\/2024\/10\/SAPHIRE-xxl.jpg\",\"datePublished\":\"2024-10-18T14:47:49+00:00\",\"dateModified\":\"2024-10-18T17:26:17+00:00\",\"breadcrumb\":{\"@id\":\"https:\/\/skycosmeticsgroup.com\/en\/proizvod\/gift-set-xxl-sapphire\/#breadcrumb\"},\"inLanguage\":\"en-US\",\"potentialAction\":[{\"@type\":\"ReadAction\",\"target\":[\"https:\/\/skycosmeticsgroup.com\/en\/proizvod\/gift-set-xxl-sapphire\/\"]}]},{\"@type\":\"ImageObject\",\"inLanguage\":\"en-US\",\"@id\":\"https:\/\/skycosmeticsgroup.com\/en\/proizvod\/gift-set-xxl-sapphire\/#primaryimage\",\"url\":\"https:\/\/skycosmeticsgroup.com\/wp-content\/uploads\/2024\/10\/SAPHIRE-xxl.jpg\",\"contentUrl\":\"https:\/\/skycosmeticsgroup.com\/wp-content\/uploads\/2024\/10\/SAPHIRE-xxl.jpg\",\"width\":2000,\"height\":2000},{\"@type\":\"BreadcrumbList\",\"@id\":\"https:\/\/skycosmeticsgroup.com\/en\/proizvod\/gift-set-xxl-sapphire\/#breadcrumb\",\"itemListElement\":[{\"@type\":\"ListItem\",\"position\":1,\"name\":\"Po\u010detna stranica\",\"item\":\"https:\/\/skycosmeticsgroup.com\/en\/\"},{\"@type\":\"ListItem\",\"position\":2,\"name\":\"Shop\",\"item\":\"https:\/\/skycosmeticsgroup.com\/en\/shop\/\"},{\"@type\":\"ListItem\",\"position\":3,\"name\":\"GIFT SET XXL SAPPHIRE\"}]},{\"@type\":\"WebSite\",\"@id\":\"https:\/\/skycosmeticsgroup.com\/en\/#website\",\"url\":\"https:\/\/skycosmeticsgroup.com\/en\/\",\"name\":\"Sky Cosmetics Group\",\"description\":\"\",\"publisher\":{\"@id\":\"https:\/\/skycosmeticsgroup.com\/en\/#organization\"},\"potentialAction\":[{\"@type\":\"SearchAction\",\"target\":{\"@type\":\"EntryPoint\",\"urlTemplate\":\"https:\/\/skycosmeticsgroup.com\/en\/?s={search_term_string}\"},\"query-input\":\"required name=search_term_string\"}],\"inLanguage\":\"en-US\"},{\"@type\":\"Organization\",\"@id\":\"https:\/\/skycosmeticsgroup.com\/en\/#organization\",\"name\":\"Sky Cosmetics Group\",\"url\":\"https:\/\/skycosmeticsgroup.com\/en\/\",\"logo\":{\"@type\":\"ImageObject\",\"inLanguage\":\"en-US\",\"@id\":\"https:\/\/skycosmeticsgroup.com\/en\/#\/schema\/logo\/image\/\",\"url\":\"https:\/\/skycosmeticsgroup.com\/wp-content\/uploads\/2024\/01\/cropped-Sky-cosmetics-logotipi-u-boji-02-2.png\",\"contentUrl\":\"https:\/\/skycosmeticsgroup.com\/wp-content\/uploads\/2024\/01\/cropped-Sky-cosmetics-logotipi-u-boji-02-2.png\",\"width\":512,\"height\":512,\"caption\":\"Sky Cosmetics Group\"},\"image\":{\"@id\":\"https:\/\/skycosmeticsgroup.com\/en\/#\/schema\/logo\/image\/\"}}]}<\/script>\n<!-- \/ Yoast SEO plugin. -->","yoast_head_json":{"title":"GIFT SET XXL SAPPHIRE - Sky Cosmetics Group","robots":{"index":"index","follow":"follow","max-snippet":"max-snippet:-1","max-image-preview":"max-image-preview:large","max-video-preview":"max-video-preview:-1"},"canonical":"https:\/\/skycosmeticsgroup.com\/en\/proizvod\/gift-set-xxl-sapphire\/","og_locale":"en_US","og_type":"article","og_title":"GIFT SET XXL SAPPHIRE - Sky Cosmetics Group","og_description":"the scent of pure nature, amber trees and the endless sea, enriched with a bouquet of white flowers and cashmere  Gift set XXL Sapphire consists of:  PEARL DRY BODY OIL 100 ml PEARL BODY MIST 150 ml PEARL BODY SCRUB 200 ml PEARL BODY MIST 250 ml PEARL BODY CREAM 200 ml PEARL HAND CREAM 50 ml PEARL SHOWER GEL 250 ml  * Get a free candle with the purchase of 3 or more products.","og_url":"https:\/\/skycosmeticsgroup.com\/en\/proizvod\/gift-set-xxl-sapphire\/","og_site_name":"Sky Cosmetics Group","article_modified_time":"2024-10-18T17:26:17+00:00","og_image":[{"width":2000,"height":2000,"url":"https:\/\/skycosmeticsgroup.com\/wp-content\/uploads\/2024\/10\/SAPHIRE-xxl.jpg","type":"image\/jpeg"}],"twitter_card":"summary_large_image","twitter_misc":{"Est. reading time":"7 minutes"},"schema":{"@context":"https:\/\/schema.org","@graph":[{"@type":"WebPage","@id":"https:\/\/skycosmeticsgroup.com\/en\/proizvod\/gift-set-xxl-sapphire\/","url":"https:\/\/skycosmeticsgroup.com\/en\/proizvod\/gift-set-xxl-sapphire\/","name":"GIFT SET XXL SAPPHIRE - Sky Cosmetics Group","isPartOf":{"@id":"https:\/\/skycosmeticsgroup.com\/en\/#website"},"primaryImageOfPage":{"@id":"https:\/\/skycosmeticsgroup.com\/en\/proizvod\/gift-set-xxl-sapphire\/#primaryimage"},"image":{"@id":"https:\/\/skycosmeticsgroup.com\/en\/proizvod\/gift-set-xxl-sapphire\/#primaryimage"},"thumbnailUrl":"https:\/\/skycosmeticsgroup.com\/wp-content\/uploads\/2024\/10\/SAPHIRE-xxl.jpg","datePublished":"2024-10-18T14:47:49+00:00","dateModified":"2024-10-18T17:26:17+00:00","breadcrumb":{"@id":"https:\/\/skycosmeticsgroup.com\/en\/proizvod\/gift-set-xxl-sapphire\/#breadcrumb"},"inLanguage":"en-US","potentialAction":[{"@type":"ReadAction","target":["https:\/\/skycosmeticsgroup.com\/en\/proizvod\/gift-set-xxl-sapphire\/"]}]},{"@type":"ImageObject","inLanguage":"en-US","@id":"https:\/\/skycosmeticsgroup.com\/en\/proizvod\/gift-set-xxl-sapphire\/#primaryimage","url":"https:\/\/skycosmeticsgroup.com\/wp-content\/uploads\/2024\/10\/SAPHIRE-xxl.jpg","contentUrl":"https:\/\/skycosmeticsgroup.com\/wp-content\/uploads\/2024\/10\/SAPHIRE-xxl.jpg","width":2000,"height":2000},{"@type":"BreadcrumbList","@id":"https:\/\/skycosmeticsgroup.com\/en\/proizvod\/gift-set-xxl-sapphire\/#breadcrumb","itemListElement":[{"@type":"ListItem","position":1,"name":"Po\u010detna stranica","item":"https:\/\/skycosmeticsgroup.com\/en\/"},{"@type":"ListItem","position":2,"name":"Shop","item":"https:\/\/skycosmeticsgroup.com\/en\/shop\/"},{"@type":"ListItem","position":3,"name":"GIFT SET XXL SAPPHIRE"}]},{"@type":"WebSite","@id":"https:\/\/skycosmeticsgroup.com\/en\/#website","url":"https:\/\/skycosmeticsgroup.com\/en\/","name":"Sky Cosmetics Group","description":"","publisher":{"@id":"https:\/\/skycosmeticsgroup.com\/en\/#organization"},"potentialAction":[{"@type":"SearchAction","target":{"@type":"EntryPoint","urlTemplate":"https:\/\/skycosmeticsgroup.com\/en\/?s={search_term_string}"},"query-input":"required name=search_term_string"}],"inLanguage":"en-US"},{"@type":"Organization","@id":"https:\/\/skycosmeticsgroup.com\/en\/#organization","name":"Sky Cosmetics Group","url":"https:\/\/skycosmeticsgroup.com\/en\/","logo":{"@type":"ImageObject","inLanguage":"en-US","@id":"https:\/\/skycosmeticsgroup.com\/en\/#\/schema\/logo\/image\/","url":"https:\/\/skycosmeticsgroup.com\/wp-content\/uploads\/2024\/01\/cropped-Sky-cosmetics-logotipi-u-boji-02-2.png","contentUrl":"https:\/\/skycosmeticsgroup.com\/wp-content\/uploads\/2024\/01\/cropped-Sky-cosmetics-logotipi-u-boji-02-2.png","width":512,"height":512,"caption":"Sky Cosmetics Group"},"image":{"@id":"https:\/\/skycosmeticsgroup.com\/en\/#\/schema\/logo\/image\/"}}]}},"_links":{"self":[{"href":"https:\/\/skycosmeticsgroup.com\/en\/wp-json\/wp\/v2\/product\/2378","targetHints":{"allow":["GET"]}}],"collection":[{"href":"https:\/\/skycosmeticsgroup.com\/en\/wp-json\/wp\/v2\/product"}],"about":[{"href":"https:\/\/skycosmeticsgroup.com\/en\/wp-json\/wp\/v2\/types\/product"}],"wp:featuredmedia":[{"embeddable":true,"href":"https:\/\/skycosmeticsgroup.com\/en\/wp-json\/wp\/v2\/media\/2377"}],"wp:attachment":[{"href":"https:\/\/skycosmeticsgroup.com\/en\/wp-json\/wp\/v2\/media?parent=2378"}],"wp:term":[{"taxonomy":"product_cat","embeddable":true,"href":"https:\/\/skycosmeticsgroup.com\/en\/wp-json\/wp\/v2\/product_cat?post=2378"},{"taxonomy":"product_tag","embeddable":true,"href":"https:\/\/skycosmeticsgroup.com\/en\/wp-json\/wp\/v2\/product_tag?post=2378"}],"curies":[{"name":"wp","href":"https:\/\/api.w.org\/{rel}","templated":true}]}}